{"id":985,"date":"2018-11-01T17:42:39","date_gmt":"2018-11-01T16:42:39","guid":{"rendered":"http:\/\/aceps.pl\/?page_id=985"},"modified":"2022-03-06T22:04:13","modified_gmt":"2022-03-06T21:04:13","slug":"przebudowa-budynku-drukarni-eurodruk-polska-sp-z-o-o-w-tarnowie-podgornym-pod-katem-zmiany-technologii","status":"publish","type":"page","link":"http:\/\/aceps.pl\/index.php\/projekty\/budownictwo-przemyslowe\/przebudowa-budynku-drukarni-eurodruk-polska-sp-z-o-o-w-tarnowie-podgornym-pod-katem-zmiany-technologii\/","title":{"rendered":"Przebudowa budynku drukarni Eurodruk Polska Sp. z o.o. w Tarnowie Podg\u00f3rnym pod  k\u0105tem zmiany technologii"},"content":{"rendered":"<p>Projekt wykonawczy w bran\u017cy konstrukcyjnej przebudowy budynku drukarni Eurodruk Polska<br \/>Sp. z o.o. pod k\u0105tem zmiany technologii. Projekt przewidywa\u0142 dobudow\u0119 fundament\u00f3w pod<br \/>maszyny drukarskie, dodatkowe nadpro\u017ca stalowe i \u017celbetowe pod nowe otwory w \u015bcianach<br \/>obiektu, likwidacj\u0119 cz\u0119\u015bciow\u0105 strop\u00f3w antresoli.<\/p>\n<p>\u00a0<\/p>\n\n\n<figure class=\"wp-block-gallery has-nested-images columns-default is-cropped\">\n<figure class=\"wp-block-image size-large\"><a href=\"http:\/\/aceps.pl\/wp-content\/uploads\/2018\/10\/projbud003_1.jpg\"><img loading=\"lazy\" width=\"620\" height=\"490\" data-id=\"480\"  src=\"http:\/\/aceps.pl\/wp-content\/uploads\/2018\/10\/projbud003_1.jpg\" alt=\"\" class=\"wp-image-480\" srcset=\"http:\/\/aceps.pl\/wp-content\/uploads\/2018\/10\/projbud003_1.jpg 620w, http:\/\/aceps.pl\/wp-content\/uploads\/2018\/10\/projbud003_1-300x237.jpg 300w, http:\/\/aceps.pl\/wp-content\/uploads\/2018\/10\/projbud003_1-150x119.jpg 150w\" sizes=\"(max-width: 620px) 100vw, 620px\" \/><\/a><\/figure>\n\n\n\n<figure class=\"wp-block-image size-large\"><a href=\"http:\/\/aceps.pl\/wp-content\/uploads\/2018\/10\/projbud003_2.jpg\"><img loading=\"lazy\" width=\"590\" height=\"532\" data-id=\"481\"  src=\"http:\/\/aceps.pl\/wp-content\/uploads\/2018\/10\/projbud003_2.jpg\" alt=\"\" class=\"wp-image-481\" srcset=\"http:\/\/aceps.pl\/wp-content\/uploads\/2018\/10\/projbud003_2.jpg 590w, http:\/\/aceps.pl\/wp-content\/uploads\/2018\/10\/projbud003_2-300x271.jpg 300w, http:\/\/aceps.pl\/wp-content\/uploads\/2018\/10\/projbud003_2-150x135.jpg 150w\" sizes=\"(max-width: 590px) 100vw, 590px\" \/><\/a><\/figure>\n\n\n\n<figure class=\"wp-block-image size-large\"><a href=\"http:\/\/aceps.pl\/wp-content\/uploads\/2018\/10\/projbud003_3.jpg\"><img loading=\"lazy\" width=\"676\" height=\"378\" data-id=\"482\"  src=\"http:\/\/aceps.pl\/wp-content\/uploads\/2018\/10\/projbud003_3.jpg\" alt=\"\" class=\"wp-image-482\" srcset=\"http:\/\/aceps.pl\/wp-content\/uploads\/2018\/10\/projbud003_3.jpg 676w, http:\/\/aceps.pl\/wp-content\/uploads\/2018\/10\/projbud003_3-300x168.jpg 300w, http:\/\/aceps.pl\/wp-content\/uploads\/2018\/10\/projbud003_3-150x84.jpg 150w\" sizes=\"(max-width: 676px) 100vw, 676px\" \/><\/a><\/figure>\n\n\n\n<figure class=\"wp-block-image size-large\"><a href=\"http:\/\/aceps.pl\/wp-content\/uploads\/2018\/10\/projbud003_4.jpg\"><img loading=\"lazy\" width=\"699\" height=\"652\" data-id=\"483\"  src=\"http:\/\/aceps.pl\/wp-content\/uploads\/2018\/10\/projbud003_4.jpg\" alt=\"\" class=\"wp-image-483\" srcset=\"http:\/\/aceps.pl\/wp-content\/uploads\/2018\/10\/projbud003_4.jpg 699w, http:\/\/aceps.pl\/wp-content\/uploads\/2018\/10\/projbud003_4-300x280.jpg 300w, http:\/\/aceps.pl\/wp-content\/uploads\/2018\/10\/projbud003_4-150x140.jpg 150w\" sizes=\"(max-width: 699px) 100vw, 699px\" \/><\/a><\/figure>\n\n\n\n<figure class=\"wp-block-image size-large\"><a href=\"http:\/\/aceps.pl\/wp-content\/uploads\/2018\/10\/projbud003_5.jpg\"><img loading=\"lazy\" width=\"530\" height=\"491\" data-id=\"484\"  src=\"http:\/\/aceps.pl\/wp-content\/uploads\/2018\/10\/projbud003_5.jpg\" alt=\"\" class=\"wp-image-484\" srcset=\"http:\/\/aceps.pl\/wp-content\/uploads\/2018\/10\/projbud003_5.jpg 530w, http:\/\/aceps.pl\/wp-content\/uploads\/2018\/10\/projbud003_5-300x278.jpg 300w, http:\/\/aceps.pl\/wp-content\/uploads\/2018\/10\/projbud003_5-150x139.jpg 150w\" sizes=\"(max-width: 530px) 100vw, 530px\" \/><\/a><\/figure>\n\n\n\n<figure class=\"wp-block-image size-large\"><a href=\"http:\/\/aceps.pl\/wp-content\/uploads\/2018\/10\/projbud003_6.jpg\"><img loading=\"lazy\" width=\"2016\" height=\"1512\" data-id=\"485\"  src=\"http:\/\/aceps.pl\/wp-content\/uploads\/2018\/10\/projbud003_6.jpg\" alt=\"\" class=\"wp-image-485\" srcset=\"http:\/\/aceps.pl\/wp-content\/uploads\/2018\/10\/projbud003_6.jpg 2016w, http:\/\/aceps.pl\/wp-content\/uploads\/2018\/10\/projbud003_6-300x225.jpg 300w, http:\/\/aceps.pl\/wp-content\/uploads\/2018\/10\/projbud003_6-768x576.jpg 768w, http:\/\/aceps.pl\/wp-content\/uploads\/2018\/10\/projbud003_6-1024x768.jpg 1024w, http:\/\/aceps.pl\/wp-content\/uploads\/2018\/10\/projbud003_6-150x113.jpg 150w\" sizes=\"(max-width: 2016px) 100vw, 2016px\" \/><\/a><\/figure>\n\n\n\n<figure class=\"wp-block-image size-large\"><a href=\"http:\/\/aceps.pl\/wp-content\/uploads\/2018\/10\/projbud003_7.jpg\"><img loading=\"lazy\" width=\"2016\" height=\"1512\" data-id=\"486\"  src=\"http:\/\/aceps.pl\/wp-content\/uploads\/2018\/10\/projbud003_7.jpg\" alt=\"\" class=\"wp-image-486\" srcset=\"http:\/\/aceps.pl\/wp-content\/uploads\/2018\/10\/projbud003_7.jpg 2016w, http:\/\/aceps.pl\/wp-content\/uploads\/2018\/10\/projbud003_7-300x225.jpg 300w, http:\/\/aceps.pl\/wp-content\/uploads\/2018\/10\/projbud003_7-768x576.jpg 768w, http:\/\/aceps.pl\/wp-content\/uploads\/2018\/10\/projbud003_7-1024x768.jpg 1024w, http:\/\/aceps.pl\/wp-content\/uploads\/2018\/10\/projbud003_7-150x113.jpg 150w\" sizes=\"(max-width: 2016px) 100vw, 2016px\" \/><\/a><\/figure>\n\n\n\n<figure class=\"wp-block-image size-large\"><a href=\"http:\/\/aceps.pl\/wp-content\/uploads\/2018\/10\/projbud003_8.jpg\"><img loading=\"lazy\" width=\"2016\" height=\"1512\" data-id=\"487\"  src=\"http:\/\/aceps.pl\/wp-content\/uploads\/2018\/10\/projbud003_8.jpg\" alt=\"\" class=\"wp-image-487\" srcset=\"http:\/\/aceps.pl\/wp-content\/uploads\/2018\/10\/projbud003_8.jpg 2016w, http:\/\/aceps.pl\/wp-content\/uploads\/2018\/10\/projbud003_8-300x225.jpg 300w, http:\/\/aceps.pl\/wp-content\/uploads\/2018\/10\/projbud003_8-768x576.jpg 768w, http:\/\/aceps.pl\/wp-content\/uploads\/2018\/10\/projbud003_8-1024x768.jpg 1024w, http:\/\/aceps.pl\/wp-content\/uploads\/2018\/10\/projbud003_8-150x113.jpg 150w\" sizes=\"(max-width: 2016px) 100vw, 2016px\" \/><\/a><\/figure>\n\n\n\n<figure class=\"wp-block-image size-large\"><a href=\"http:\/\/aceps.pl\/wp-content\/uploads\/2018\/10\/projbud003_9.jpg\"><img loading=\"lazy\" width=\"2016\" height=\"1512\" data-id=\"488\"  src=\"http:\/\/aceps.pl\/wp-content\/uploads\/2018\/10\/projbud003_9.jpg\" alt=\"\" class=\"wp-image-488\" srcset=\"http:\/\/aceps.pl\/wp-content\/uploads\/2018\/10\/projbud003_9.jpg 2016w, http:\/\/aceps.pl\/wp-content\/uploads\/2018\/10\/projbud003_9-300x225.jpg 300w, http:\/\/aceps.pl\/wp-content\/uploads\/2018\/10\/projbud003_9-768x576.jpg 768w, http:\/\/aceps.pl\/wp-content\/uploads\/2018\/10\/projbud003_9-1024x768.jpg 1024w, http:\/\/aceps.pl\/wp-content\/uploads\/2018\/10\/projbud003_9-150x113.jpg 150w\" sizes=\"(max-width: 2016px) 100vw, 2016px\" \/><\/a><\/figure>\n\n\n\n<figure class=\"wp-block-image size-large\"><a href=\"http:\/\/aceps.pl\/wp-content\/uploads\/2018\/10\/projbud003_10.jpg\"><img loading=\"lazy\" width=\"2016\" height=\"1512\" data-id=\"489\"  src=\"http:\/\/aceps.pl\/wp-content\/uploads\/2018\/10\/projbud003_10.jpg\" alt=\"\" class=\"wp-image-489\" srcset=\"http:\/\/aceps.pl\/wp-content\/uploads\/2018\/10\/projbud003_10.jpg 2016w, http:\/\/aceps.pl\/wp-content\/uploads\/2018\/10\/projbud003_10-300x225.jpg 300w, http:\/\/aceps.pl\/wp-content\/uploads\/2018\/10\/projbud003_10-768x576.jpg 768w, http:\/\/aceps.pl\/wp-content\/uploads\/2018\/10\/projbud003_10-1024x768.jpg 1024w, http:\/\/aceps.pl\/wp-content\/uploads\/2018\/10\/projbud003_10-150x113.jpg 150w\" sizes=\"(max-width: 2016px) 100vw, 2016px\" \/><\/a><\/figure>\n\n\n\n<figure class=\"wp-block-image size-large\"><a href=\"http:\/\/aceps.pl\/wp-content\/uploads\/2018\/10\/projbud003_11.jpg\"><img loading=\"lazy\" width=\"2016\" height=\"1512\" data-id=\"490\"  src=\"http:\/\/aceps.pl\/wp-content\/uploads\/2018\/10\/projbud003_11.jpg\" alt=\"\" class=\"wp-image-490\" srcset=\"http:\/\/aceps.pl\/wp-content\/uploads\/2018\/10\/projbud003_11.jpg 2016w, http:\/\/aceps.pl\/wp-content\/uploads\/2018\/10\/projbud003_11-300x225.jpg 300w, http:\/\/aceps.pl\/wp-content\/uploads\/2018\/10\/projbud003_11-768x576.jpg 768w, http:\/\/aceps.pl\/wp-content\/uploads\/2018\/10\/projbud003_11-1024x768.jpg 1024w, http:\/\/aceps.pl\/wp-content\/uploads\/2018\/10\/projbud003_11-150x113.jpg 150w\" sizes=\"(max-width: 2016px) 100vw, 2016px\" \/><\/a><\/figure>\n\n\n\n<figure class=\"wp-block-image size-large\"><a href=\"http:\/\/aceps.pl\/wp-content\/uploads\/2018\/10\/projbud003_12.jpg\"><img loading=\"lazy\" width=\"2016\" height=\"1512\" data-id=\"491\"  src=\"http:\/\/aceps.pl\/wp-content\/uploads\/2018\/10\/projbud003_12.jpg\" alt=\"\" class=\"wp-image-491\" srcset=\"http:\/\/aceps.pl\/wp-content\/uploads\/2018\/10\/projbud003_12.jpg 2016w, http:\/\/aceps.pl\/wp-content\/uploads\/2018\/10\/projbud003_12-300x225.jpg 300w, http:\/\/aceps.pl\/wp-content\/uploads\/2018\/10\/projbud003_12-768x576.jpg 768w, http:\/\/aceps.pl\/wp-content\/uploads\/2018\/10\/projbud003_12-1024x768.jpg 1024w, http:\/\/aceps.pl\/wp-content\/uploads\/2018\/10\/projbud003_12-150x113.jpg 150w\" sizes=\"(max-width: 2016px) 100vw, 2016px\" \/><\/a><\/figure>\n\n\n\n<figure class=\"wp-block-image size-large\"><a href=\"http:\/\/aceps.pl\/wp-content\/uploads\/2018\/10\/projbud003_13.jpg\"><img loading=\"lazy\" width=\"2016\" height=\"1512\" data-id=\"492\"  src=\"http:\/\/aceps.pl\/wp-content\/uploads\/2018\/10\/projbud003_13.jpg\" alt=\"\" class=\"wp-image-492\" srcset=\"http:\/\/aceps.pl\/wp-content\/uploads\/2018\/10\/projbud003_13.jpg 2016w, http:\/\/aceps.pl\/wp-content\/uploads\/2018\/10\/projbud003_13-300x225.jpg 300w, http:\/\/aceps.pl\/wp-content\/uploads\/2018\/10\/projbud003_13-768x576.jpg 768w, http:\/\/aceps.pl\/wp-content\/uploads\/2018\/10\/projbud003_13-1024x768.jpg 1024w, http:\/\/aceps.pl\/wp-content\/uploads\/2018\/10\/projbud003_13-150x113.jpg 150w\" sizes=\"(max-width: 2016px) 100vw, 2016px\" \/><\/a><\/figure>\n\n\n\n<figure class=\"wp-block-image size-large\"><a href=\"http:\/\/aceps.pl\/wp-content\/uploads\/2018\/10\/projbud003_14.jpg\"><img loading=\"lazy\" width=\"2016\" height=\"1512\" data-id=\"493\"  src=\"http:\/\/aceps.pl\/wp-content\/uploads\/2018\/10\/projbud003_14.jpg\" alt=\"\" class=\"wp-image-493\" srcset=\"http:\/\/aceps.pl\/wp-content\/uploads\/2018\/10\/projbud003_14.jpg 2016w, http:\/\/aceps.pl\/wp-content\/uploads\/2018\/10\/projbud003_14-300x225.jpg 300w, http:\/\/aceps.pl\/wp-content\/uploads\/2018\/10\/projbud003_14-768x576.jpg 768w, http:\/\/aceps.pl\/wp-content\/uploads\/2018\/10\/projbud003_14-1024x768.jpg 1024w, http:\/\/aceps.pl\/wp-content\/uploads\/2018\/10\/projbud003_14-150x113.jpg 150w\" sizes=\"(max-width: 2016px) 100vw, 2016px\" \/><\/a><\/figure>\n\n\n\n<figure class=\"wp-block-image size-large\"><a href=\"http:\/\/aceps.pl\/wp-content\/uploads\/2018\/10\/projbud003_15.jpg\"><img loading=\"lazy\" width=\"2016\" height=\"1512\" data-id=\"494\"  src=\"http:\/\/aceps.pl\/wp-content\/uploads\/2018\/10\/projbud003_15.jpg\" alt=\"\" class=\"wp-image-494\" srcset=\"http:\/\/aceps.pl\/wp-content\/uploads\/2018\/10\/projbud003_15.jpg 2016w, http:\/\/aceps.pl\/wp-content\/uploads\/2018\/10\/projbud003_15-300x225.jpg 300w, http:\/\/aceps.pl\/wp-content\/uploads\/2018\/10\/projbud003_15-768x576.jpg 768w, http:\/\/aceps.pl\/wp-content\/uploads\/2018\/10\/projbud003_15-1024x768.jpg 1024w, http:\/\/aceps.pl\/wp-content\/uploads\/2018\/10\/projbud003_15-150x113.jpg 150w\" sizes=\"(max-width: 2016px) 100vw, 2016px\" \/><\/a><\/figure>\n\n\n\n<figure class=\"wp-block-image size-large\"><a href=\"http:\/\/aceps.pl\/wp-content\/uploads\/2018\/10\/projbud003_16.jpg\"><img loading=\"lazy\" width=\"4032\" height=\"3024\" data-id=\"495\"  src=\"http:\/\/aceps.pl\/wp-content\/uploads\/2018\/10\/projbud003_16.jpg\" alt=\"\" class=\"wp-image-495\" srcset=\"http:\/\/aceps.pl\/wp-content\/uploads\/2018\/10\/projbud003_16.jpg 4032w, http:\/\/aceps.pl\/wp-content\/uploads\/2018\/10\/projbud003_16-300x225.jpg 300w, http:\/\/aceps.pl\/wp-content\/uploads\/2018\/10\/projbud003_16-768x576.jpg 768w, http:\/\/aceps.pl\/wp-content\/uploads\/2018\/10\/projbud003_16-1024x768.jpg 1024w, http:\/\/aceps.pl\/wp-content\/uploads\/2018\/10\/projbud003_16-150x113.jpg 150w\" sizes=\"(max-width: 4032px) 100vw, 4032px\" \/><\/a><\/figure>\n\n\n\n<figure class=\"wp-block-image size-large\"><a href=\"http:\/\/aceps.pl\/wp-content\/uploads\/2018\/10\/projbud003_17.jpg\"><img loading=\"lazy\" width=\"4032\" height=\"3024\" data-id=\"496\"  src=\"http:\/\/aceps.pl\/wp-content\/uploads\/2018\/10\/projbud003_17.jpg\" alt=\"\" class=\"wp-image-496\" srcset=\"http:\/\/aceps.pl\/wp-content\/uploads\/2018\/10\/projbud003_17.jpg 4032w, http:\/\/aceps.pl\/wp-content\/uploads\/2018\/10\/projbud003_17-300x225.jpg 300w, http:\/\/aceps.pl\/wp-content\/uploads\/2018\/10\/projbud003_17-768x576.jpg 768w, http:\/\/aceps.pl\/wp-content\/uploads\/2018\/10\/projbud003_17-1024x768.jpg 1024w, http:\/\/aceps.pl\/wp-content\/uploads\/2018\/10\/projbud003_17-150x113.jpg 150w\" sizes=\"(max-width: 4032px) 100vw, 4032px\" \/><\/a><\/figure>\n\n\n\n<figure class=\"wp-block-image size-large\"><a href=\"http:\/\/aceps.pl\/wp-content\/uploads\/2018\/10\/projbud003_18.jpg\"><img loading=\"lazy\" width=\"4032\" height=\"3024\" data-id=\"497\"  src=\"http:\/\/aceps.pl\/wp-content\/uploads\/2018\/10\/projbud003_18.jpg\" alt=\"\" class=\"wp-image-497\" srcset=\"http:\/\/aceps.pl\/wp-content\/uploads\/2018\/10\/projbud003_18.jpg 4032w, http:\/\/aceps.pl\/wp-content\/uploads\/2018\/10\/projbud003_18-300x225.jpg 300w, http:\/\/aceps.pl\/wp-content\/uploads\/2018\/10\/projbud003_18-768x576.jpg 768w, http:\/\/aceps.pl\/wp-content\/uploads\/2018\/10\/projbud003_18-1024x768.jpg 1024w, http:\/\/aceps.pl\/wp-content\/uploads\/2018\/10\/projbud003_18-150x113.jpg 150w\" sizes=\"(max-width: 4032px) 100vw, 4032px\" \/><\/a><\/figure>\n<\/figure>\n","protected":false},"excerpt":{"rendered":"<p>Projekt wykonawczy w bran\u017cy konstrukcyjnej przebudowy budynku drukarni Eurodruk PolskaSp. z o.o. pod k\u0105tem zmiany technologii. Projekt przewidywa\u0142 dobudow\u0119 fundament\u00f3w podmaszyny drukarskie, dodatkowe nadpro\u017ca stalowe i \u017celbetowe pod nowe otwory w \u015bcianachobiektu, likwidacj\u0119 cz\u0119\u015bciow\u0105 strop\u00f3w antresoli. \u00a0<\/p>\n","protected":false},"author":1,"featured_media":0,"parent":373,"menu_order":0,"comment_status":"closed","ping_status":"closed","template":"","meta":[],"_links":{"self":[{"href":"http:\/\/aceps.pl\/index.php\/wp-json\/wp\/v2\/pages\/985"}],"collection":[{"href":"http:\/\/aceps.pl\/index.php\/wp-json\/wp\/v2\/pages"}],"about":[{"href":"http:\/\/aceps.pl\/index.php\/wp-json\/wp\/v2\/types\/page"}],"author":[{"embeddable":true,"href":"http:\/\/aceps.pl\/index.php\/wp-json\/wp\/v2\/users\/1"}],"replies":[{"embeddable":true,"href":"http:\/\/aceps.pl\/index.php\/wp-json\/wp\/v2\/comments?post=985"}],"version-history":[{"count":3,"href":"http:\/\/aceps.pl\/index.php\/wp-json\/wp\/v2\/pages\/985\/revisions"}],"predecessor-version":[{"id":1407,"href":"http:\/\/aceps.pl\/index.php\/wp-json\/wp\/v2\/pages\/985\/revisions\/1407"}],"up":[{"embeddable":true,"href":"http:\/\/aceps.pl\/index.php\/wp-json\/wp\/v2\/pages\/373"}],"wp:attachment":[{"href":"http:\/\/aceps.pl\/index.php\/wp-json\/wp\/v2\/media?parent=985"}],"curies":[{"name":"wp","href":"https:\/\/api.w.org\/{rel}","templated":true}]}}