{"id":810,"date":"2018-10-30T10:03:47","date_gmt":"2018-10-30T09:03:47","guid":{"rendered":"http:\/\/aceps.pl\/?page_id=810"},"modified":"2022-03-06T22:09:06","modified_gmt":"2022-03-06T21:09:06","slug":"zbiorniki-dla-kanalizacji-sanitarnej-w-miejscowosciach-rochow-i-sobotka-stara","status":"publish","type":"page","link":"http:\/\/aceps.pl\/index.php\/projekty\/budownictwo-przemyslowe\/zbiorniki-dla-kanalizacji-sanitarnej-w-miejscowosciach-rochow-i-sobotka-stara\/","title":{"rendered":"Zbiorniki \u017celbetowe monolityczne"},"content":{"rendered":"<p>Projekty konstrukcyjne budowlano-wykonawcze \u017celbetowych zbiornik\u00f3w monolitycznych o rzucie kolistym, zaprojektowane w \u015brednicach od 5,0 do 15m. Projekty zosta\u0142y zrealizowane na potrzeby biologicznych oczyszczalni \u015bciek\u00f3w m. in. dla miejscowo\u015bci\u00a0Niepruszewie, Starej D\u0105br\u00f3wce, Go\u015bci\u0144cu, Starej Sob\u00f3tce, Jeziorzanach.<\/p>\n<p>\u015aciany \u017celbetowe tworz\u0105ce pow\u0142ok\u0119 walca zaprojektowano o gr. 20cm oraz 25cm. \u015aciany po\u0142\u0105czone s\u0105 monolitycznie z p\u0142yt\u0105 denn\u0105 o gr. 40cm. Przekrycie zbiornik\u00f3w tworzy p\u0142yta \u017celbetowa o gr. 15-25cm oparta na \u015bcianach zbiornika a w przypadku wi\u0119kszych \u015brednic dodatkowo na s\u0142upach o przekroju ko\u0142owym.<\/p>\n<p>\u00a0<\/p>\n\n\n<figure class=\"wp-block-gallery has-nested-images columns-default is-cropped\">\n<figure class=\"wp-block-image size-large\"><a href=\"http:\/\/aceps.pl\/wp-content\/uploads\/2018\/10\/newprojbud007__1.jpg\"><img loading=\"lazy\" width=\"1240\" height=\"1754\" data-id=\"805\"  src=\"http:\/\/aceps.pl\/wp-content\/uploads\/2018\/10\/newprojbud007__1.jpg\" alt=\"\" class=\"wp-image-805\" srcset=\"http:\/\/aceps.pl\/wp-content\/uploads\/2018\/10\/newprojbud007__1.jpg 1240w, http:\/\/aceps.pl\/wp-content\/uploads\/2018\/10\/newprojbud007__1-212x300.jpg 212w, http:\/\/aceps.pl\/wp-content\/uploads\/2018\/10\/newprojbud007__1-768x1086.jpg 768w, http:\/\/aceps.pl\/wp-content\/uploads\/2018\/10\/newprojbud007__1-724x1024.jpg 724w, http:\/\/aceps.pl\/wp-content\/uploads\/2018\/10\/newprojbud007__1-106x150.jpg 106w\" sizes=\"(max-width: 1240px) 100vw, 1240px\" \/><\/a><\/figure>\n\n\n\n<figure class=\"wp-block-image size-large\"><a href=\"http:\/\/aceps.pl\/wp-content\/uploads\/2018\/10\/newprojbud007_2.jpg\"><img loading=\"lazy\" width=\"1754\" height=\"1240\" data-id=\"806\"  src=\"http:\/\/aceps.pl\/wp-content\/uploads\/2018\/10\/newprojbud007_2.jpg\" alt=\"\" class=\"wp-image-806\" srcset=\"http:\/\/aceps.pl\/wp-content\/uploads\/2018\/10\/newprojbud007_2.jpg 1754w, http:\/\/aceps.pl\/wp-content\/uploads\/2018\/10\/newprojbud007_2-300x212.jpg 300w, http:\/\/aceps.pl\/wp-content\/uploads\/2018\/10\/newprojbud007_2-768x543.jpg 768w, http:\/\/aceps.pl\/wp-content\/uploads\/2018\/10\/newprojbud007_2-1024x724.jpg 1024w, http:\/\/aceps.pl\/wp-content\/uploads\/2018\/10\/newprojbud007_2-150x106.jpg 150w\" sizes=\"(max-width: 1754px) 100vw, 1754px\" \/><\/a><\/figure>\n\n\n\n<figure class=\"wp-block-image size-large\"><a href=\"http:\/\/aceps.pl\/wp-content\/uploads\/2018\/10\/newprojbud007_3.jpg\"><img loading=\"lazy\" width=\"1240\" height=\"1754\" data-id=\"807\"  src=\"http:\/\/aceps.pl\/wp-content\/uploads\/2018\/10\/newprojbud007_3.jpg\" alt=\"\" class=\"wp-image-807\" srcset=\"http:\/\/aceps.pl\/wp-content\/uploads\/2018\/10\/newprojbud007_3.jpg 1240w, http:\/\/aceps.pl\/wp-content\/uploads\/2018\/10\/newprojbud007_3-212x300.jpg 212w, http:\/\/aceps.pl\/wp-content\/uploads\/2018\/10\/newprojbud007_3-768x1086.jpg 768w, http:\/\/aceps.pl\/wp-content\/uploads\/2018\/10\/newprojbud007_3-724x1024.jpg 724w, http:\/\/aceps.pl\/wp-content\/uploads\/2018\/10\/newprojbud007_3-106x150.jpg 106w\" sizes=\"(max-width: 1240px) 100vw, 1240px\" \/><\/a><\/figure>\n\n\n\n<figure class=\"wp-block-image size-large\"><a href=\"http:\/\/aceps.pl\/wp-content\/uploads\/2018\/10\/newprojbud007_4.jpg\"><img loading=\"lazy\" width=\"1754\" height=\"1240\" data-id=\"808\"  src=\"http:\/\/aceps.pl\/wp-content\/uploads\/2018\/10\/newprojbud007_4.jpg\" alt=\"\" class=\"wp-image-808\" srcset=\"http:\/\/aceps.pl\/wp-content\/uploads\/2018\/10\/newprojbud007_4.jpg 1754w, http:\/\/aceps.pl\/wp-content\/uploads\/2018\/10\/newprojbud007_4-300x212.jpg 300w, http:\/\/aceps.pl\/wp-content\/uploads\/2018\/10\/newprojbud007_4-768x543.jpg 768w, http:\/\/aceps.pl\/wp-content\/uploads\/2018\/10\/newprojbud007_4-1024x724.jpg 1024w, http:\/\/aceps.pl\/wp-content\/uploads\/2018\/10\/newprojbud007_4-150x106.jpg 150w\" sizes=\"(max-width: 1754px) 100vw, 1754px\" \/><\/a><\/figure>\n\n\n\n<figure class=\"wp-block-image size-large\"><a href=\"http:\/\/aceps.pl\/wp-content\/uploads\/2018\/10\/newprojbud007_5.jpg\"><img loading=\"lazy\" width=\"1240\" height=\"1754\" data-id=\"809\"  src=\"http:\/\/aceps.pl\/wp-content\/uploads\/2018\/10\/newprojbud007_5.jpg\" alt=\"\" class=\"wp-image-809\" srcset=\"http:\/\/aceps.pl\/wp-content\/uploads\/2018\/10\/newprojbud007_5.jpg 1240w, http:\/\/aceps.pl\/wp-content\/uploads\/2018\/10\/newprojbud007_5-212x300.jpg 212w, http:\/\/aceps.pl\/wp-content\/uploads\/2018\/10\/newprojbud007_5-768x1086.jpg 768w, http:\/\/aceps.pl\/wp-content\/uploads\/2018\/10\/newprojbud007_5-724x1024.jpg 724w, http:\/\/aceps.pl\/wp-content\/uploads\/2018\/10\/newprojbud007_5-106x150.jpg 106w\" sizes=\"(max-width: 1240px) 100vw, 1240px\" \/><\/a><\/figure>\n\n\n\n<figure class=\"wp-block-image size-large\"><a href=\"http:\/\/aceps.pl\/wp-content\/uploads\/2019\/01\/ref_koscialkowa.jpg\"><img loading=\"lazy\" width=\"1006\" height=\"590\" data-id=\"1124\"  src=\"http:\/\/aceps.pl\/wp-content\/uploads\/2019\/01\/ref_koscialkowa.jpg\" alt=\"\" class=\"wp-image-1124\" srcset=\"http:\/\/aceps.pl\/wp-content\/uploads\/2019\/01\/ref_koscialkowa.jpg 1006w, http:\/\/aceps.pl\/wp-content\/uploads\/2019\/01\/ref_koscialkowa-300x176.jpg 300w, http:\/\/aceps.pl\/wp-content\/uploads\/2019\/01\/ref_koscialkowa-768x450.jpg 768w, http:\/\/aceps.pl\/wp-content\/uploads\/2019\/01\/ref_koscialkowa-150x88.jpg 150w\" sizes=\"(max-width: 1006px) 100vw, 1006px\" \/><\/a><\/figure>\n\n\n\n<figure class=\"wp-block-image size-large\"><a href=\"http:\/\/aceps.pl\/wp-content\/uploads\/2019\/01\/ref_niepruszewo.jpg\"><img loading=\"lazy\" width=\"796\" height=\"474\" data-id=\"1125\"  src=\"http:\/\/aceps.pl\/wp-content\/uploads\/2019\/01\/ref_niepruszewo.jpg\" alt=\"\" class=\"wp-image-1125\" srcset=\"http:\/\/aceps.pl\/wp-content\/uploads\/2019\/01\/ref_niepruszewo.jpg 796w, http:\/\/aceps.pl\/wp-content\/uploads\/2019\/01\/ref_niepruszewo-300x179.jpg 300w, http:\/\/aceps.pl\/wp-content\/uploads\/2019\/01\/ref_niepruszewo-768x457.jpg 768w, http:\/\/aceps.pl\/wp-content\/uploads\/2019\/01\/ref_niepruszewo-150x89.jpg 150w\" sizes=\"(max-width: 796px) 100vw, 796px\" \/><\/a><\/figure>\n\n\n\n<figure class=\"wp-block-image size-large\"><a href=\"http:\/\/aceps.pl\/wp-content\/uploads\/2019\/01\/ref_witkowo.jpg\"><img loading=\"lazy\" width=\"1004\" height=\"587\" data-id=\"1126\"  src=\"http:\/\/aceps.pl\/wp-content\/uploads\/2019\/01\/ref_witkowo.jpg\" alt=\"\" class=\"wp-image-1126\" srcset=\"http:\/\/aceps.pl\/wp-content\/uploads\/2019\/01\/ref_witkowo.jpg 1004w, http:\/\/aceps.pl\/wp-content\/uploads\/2019\/01\/ref_witkowo-300x175.jpg 300w, http:\/\/aceps.pl\/wp-content\/uploads\/2019\/01\/ref_witkowo-768x449.jpg 768w, http:\/\/aceps.pl\/wp-content\/uploads\/2019\/01\/ref_witkowo-150x88.jpg 150w\" sizes=\"(max-width: 1004px) 100vw, 1004px\" \/><\/a><\/figure>\n<\/figure>\n","protected":false},"excerpt":{"rendered":"<p>Projekty konstrukcyjne budowlano-wykonawcze \u017celbetowych zbiornik\u00f3w monolitycznych o rzucie kolistym, zaprojektowane w \u015brednicach od 5,0 do 15m. Projekty zosta\u0142y zrealizowane na potrzeby biologicznych oczyszczalni \u015bciek\u00f3w m. in. dla miejscowo\u015bci\u00a0Niepruszewie, Starej D\u0105br\u00f3wce, Go\u015bci\u0144cu, Starej Sob\u00f3tce, Jeziorzanach. \u015aciany \u017celbetowe tworz\u0105ce pow\u0142ok\u0119 walca zaprojektowano o gr. 20cm oraz 25cm. \u015aciany po\u0142\u0105czone s\u0105 monolitycznie z p\u0142yt\u0105 denn\u0105 o gr. 40cm&#8230;.<\/p>\n","protected":false},"author":1,"featured_media":0,"parent":373,"menu_order":0,"comment_status":"closed","ping_status":"closed","template":"","meta":[],"_links":{"self":[{"href":"http:\/\/aceps.pl\/index.php\/wp-json\/wp\/v2\/pages\/810"}],"collection":[{"href":"http:\/\/aceps.pl\/index.php\/wp-json\/wp\/v2\/pages"}],"about":[{"href":"http:\/\/aceps.pl\/index.php\/wp-json\/wp\/v2\/types\/page"}],"author":[{"embeddable":true,"href":"http:\/\/aceps.pl\/index.php\/wp-json\/wp\/v2\/users\/1"}],"replies":[{"embeddable":true,"href":"http:\/\/aceps.pl\/index.php\/wp-json\/wp\/v2\/comments?post=810"}],"version-history":[{"count":4,"href":"http:\/\/aceps.pl\/index.php\/wp-json\/wp\/v2\/pages\/810\/revisions"}],"predecessor-version":[{"id":1409,"href":"http:\/\/aceps.pl\/index.php\/wp-json\/wp\/v2\/pages\/810\/revisions\/1409"}],"up":[{"embeddable":true,"href":"http:\/\/aceps.pl\/index.php\/wp-json\/wp\/v2\/pages\/373"}],"wp:attachment":[{"href":"http:\/\/aceps.pl\/index.php\/wp-json\/wp\/v2\/media?parent=810"}],"curies":[{"name":"wp","href":"https:\/\/api.w.org\/{rel}","templated":true}]}}