{"id":765,"date":"2018-10-29T17:24:47","date_gmt":"2018-10-29T16:24:47","guid":{"rendered":"http:\/\/aceps.pl\/?page_id=765"},"modified":"2022-03-06T12:01:01","modified_gmt":"2022-03-06T11:01:01","slug":"wzmocnienie-konstrukcji-istniejacej-hali-euro-centrum-sp-z-o-o-w-poznaniu","status":"publish","type":"page","link":"http:\/\/aceps.pl\/index.php\/projekty\/budownictwo-przemyslowe\/wzmocnienie-konstrukcji-istniejacej-hali-euro-centrum-sp-z-o-o-w-poznaniu\/","title":{"rendered":"Wzmocnienie konstrukcji istniej\u0105cej hali &#8211; Euro Centrum Sp. z o.o. w Poznaniu"},"content":{"rendered":"<p>Projekt obejmowa\u0142 modyfikacj\u0119 hali pod wymogi inwestora oraz wzmocnienie konstrukcji pod k\u0105tem spe\u0142nienia aktualnie obowi\u0105zuj\u0105cych obci\u0105\u017ce\u0144 projektowych i norm budowlanych. W projekcie przewidziano rozbi\u00f3rk\u0119 kr\u00f3tszej nawy hali, a tak\u017ce ca\u0142\u0105 obudow\u0119 hali. Wykonane obliczenia statyczne wykaza\u0142y konieczno\u015b\u0107 wzmocnienia konstrukcji za pomoc\u0105 dodatkowych st\u0119\u017ce\u0144 po\u0142aciowych i \u015bcniennych rozk\u0142adaj\u0105cych obci\u0105zenia na poszczeg\u00f3lne ramy uk\u0142adu. Now\u0105 obudow\u0119 hali zaprojektowano z p\u0142yt warstwowych z rdzeniem PIR.<\/p>\n<p>\u0141\u0105czna powierzchnia u\u017cytkowa obiektu po przebudowie: 998m<sup>2<\/sup>.<\/p>\n<p>\u00a0<\/p>\n\n\n<figure class=\"wp-block-gallery has-nested-images columns-default is-cropped\">\n<figure class=\"wp-block-image size-large\"><a href=\"http:\/\/aceps.pl\/wp-content\/uploads\/2018\/10\/newprojbud003_1.jpg\"><img loading=\"lazy\" width=\"4000\" height=\"3000\" data-id=\"751\"  src=\"http:\/\/aceps.pl\/wp-content\/uploads\/2018\/10\/newprojbud003_1.jpg\" alt=\"\" class=\"wp-image-751\" srcset=\"http:\/\/aceps.pl\/wp-content\/uploads\/2018\/10\/newprojbud003_1.jpg 4000w, http:\/\/aceps.pl\/wp-content\/uploads\/2018\/10\/newprojbud003_1-300x225.jpg 300w, http:\/\/aceps.pl\/wp-content\/uploads\/2018\/10\/newprojbud003_1-768x576.jpg 768w, http:\/\/aceps.pl\/wp-content\/uploads\/2018\/10\/newprojbud003_1-1024x768.jpg 1024w, http:\/\/aceps.pl\/wp-content\/uploads\/2018\/10\/newprojbud003_1-150x113.jpg 150w\" sizes=\"(max-width: 4000px) 100vw, 4000px\" \/><\/a><\/figure>\n\n\n\n<figure class=\"wp-block-image size-large\"><a href=\"http:\/\/aceps.pl\/wp-content\/uploads\/2018\/10\/newprojbud003_2.jpg\"><img loading=\"lazy\" width=\"4000\" height=\"3000\" data-id=\"752\"  src=\"http:\/\/aceps.pl\/wp-content\/uploads\/2018\/10\/newprojbud003_2.jpg\" alt=\"\" class=\"wp-image-752\" srcset=\"http:\/\/aceps.pl\/wp-content\/uploads\/2018\/10\/newprojbud003_2.jpg 4000w, http:\/\/aceps.pl\/wp-content\/uploads\/2018\/10\/newprojbud003_2-300x225.jpg 300w, http:\/\/aceps.pl\/wp-content\/uploads\/2018\/10\/newprojbud003_2-768x576.jpg 768w, http:\/\/aceps.pl\/wp-content\/uploads\/2018\/10\/newprojbud003_2-1024x768.jpg 1024w, http:\/\/aceps.pl\/wp-content\/uploads\/2018\/10\/newprojbud003_2-150x113.jpg 150w\" sizes=\"(max-width: 4000px) 100vw, 4000px\" \/><\/a><\/figure>\n\n\n\n<figure class=\"wp-block-image size-large\"><a href=\"http:\/\/aceps.pl\/wp-content\/uploads\/2018\/10\/newprojbud003_3.jpg\"><img loading=\"lazy\" width=\"4000\" height=\"3000\" data-id=\"753\"  src=\"http:\/\/aceps.pl\/wp-content\/uploads\/2018\/10\/newprojbud003_3.jpg\" alt=\"\" class=\"wp-image-753\" srcset=\"http:\/\/aceps.pl\/wp-content\/uploads\/2018\/10\/newprojbud003_3.jpg 4000w, http:\/\/aceps.pl\/wp-content\/uploads\/2018\/10\/newprojbud003_3-300x225.jpg 300w, http:\/\/aceps.pl\/wp-content\/uploads\/2018\/10\/newprojbud003_3-768x576.jpg 768w, http:\/\/aceps.pl\/wp-content\/uploads\/2018\/10\/newprojbud003_3-1024x768.jpg 1024w, http:\/\/aceps.pl\/wp-content\/uploads\/2018\/10\/newprojbud003_3-150x113.jpg 150w\" sizes=\"(max-width: 4000px) 100vw, 4000px\" \/><\/a><\/figure>\n\n\n\n<figure class=\"wp-block-image size-large\"><a href=\"http:\/\/aceps.pl\/wp-content\/uploads\/2018\/10\/newprojbud003_4.jpg\"><img loading=\"lazy\" width=\"1437\" height=\"675\" data-id=\"754\"  src=\"http:\/\/aceps.pl\/wp-content\/uploads\/2018\/10\/newprojbud003_4.jpg\" alt=\"\" class=\"wp-image-754\" srcset=\"http:\/\/aceps.pl\/wp-content\/uploads\/2018\/10\/newprojbud003_4.jpg 1437w, http:\/\/aceps.pl\/wp-content\/uploads\/2018\/10\/newprojbud003_4-300x141.jpg 300w, http:\/\/aceps.pl\/wp-content\/uploads\/2018\/10\/newprojbud003_4-768x361.jpg 768w, http:\/\/aceps.pl\/wp-content\/uploads\/2018\/10\/newprojbud003_4-1024x481.jpg 1024w, http:\/\/aceps.pl\/wp-content\/uploads\/2018\/10\/newprojbud003_4-150x70.jpg 150w\" sizes=\"(max-width: 1437px) 100vw, 1437px\" \/><\/a><\/figure>\n\n\n\n<figure class=\"wp-block-image size-large\"><a href=\"http:\/\/aceps.pl\/wp-content\/uploads\/2018\/10\/newprojbud003_5.jpg\"><img loading=\"lazy\" width=\"1754\" height=\"1240\" data-id=\"755\"  src=\"http:\/\/aceps.pl\/wp-content\/uploads\/2018\/10\/newprojbud003_5.jpg\" alt=\"\" class=\"wp-image-755\" srcset=\"http:\/\/aceps.pl\/wp-content\/uploads\/2018\/10\/newprojbud003_5.jpg 1754w, http:\/\/aceps.pl\/wp-content\/uploads\/2018\/10\/newprojbud003_5-300x212.jpg 300w, http:\/\/aceps.pl\/wp-content\/uploads\/2018\/10\/newprojbud003_5-768x543.jpg 768w, http:\/\/aceps.pl\/wp-content\/uploads\/2018\/10\/newprojbud003_5-1024x724.jpg 1024w, http:\/\/aceps.pl\/wp-content\/uploads\/2018\/10\/newprojbud003_5-150x106.jpg 150w\" sizes=\"(max-width: 1754px) 100vw, 1754px\" \/><\/a><\/figure>\n\n\n\n<figure class=\"wp-block-image size-large\"><a href=\"http:\/\/aceps.pl\/wp-content\/uploads\/2018\/10\/newprojbud003_6.jpg\"><img loading=\"lazy\" width=\"1754\" height=\"1240\" data-id=\"756\"  src=\"http:\/\/aceps.pl\/wp-content\/uploads\/2018\/10\/newprojbud003_6.jpg\" alt=\"\" class=\"wp-image-756\" srcset=\"http:\/\/aceps.pl\/wp-content\/uploads\/2018\/10\/newprojbud003_6.jpg 1754w, http:\/\/aceps.pl\/wp-content\/uploads\/2018\/10\/newprojbud003_6-300x212.jpg 300w, http:\/\/aceps.pl\/wp-content\/uploads\/2018\/10\/newprojbud003_6-768x543.jpg 768w, http:\/\/aceps.pl\/wp-content\/uploads\/2018\/10\/newprojbud003_6-1024x724.jpg 1024w, http:\/\/aceps.pl\/wp-content\/uploads\/2018\/10\/newprojbud003_6-150x106.jpg 150w\" sizes=\"(max-width: 1754px) 100vw, 1754px\" \/><\/a><\/figure>\n\n\n\n<figure class=\"wp-block-image size-large\"><a href=\"http:\/\/aceps.pl\/wp-content\/uploads\/2018\/10\/newprojbud003_7.jpg\"><img loading=\"lazy\" width=\"4032\" height=\"3024\" data-id=\"757\"  src=\"http:\/\/aceps.pl\/wp-content\/uploads\/2018\/10\/newprojbud003_7.jpg\" alt=\"\" class=\"wp-image-757\" srcset=\"http:\/\/aceps.pl\/wp-content\/uploads\/2018\/10\/newprojbud003_7.jpg 4032w, http:\/\/aceps.pl\/wp-content\/uploads\/2018\/10\/newprojbud003_7-300x225.jpg 300w, http:\/\/aceps.pl\/wp-content\/uploads\/2018\/10\/newprojbud003_7-768x576.jpg 768w, http:\/\/aceps.pl\/wp-content\/uploads\/2018\/10\/newprojbud003_7-1024x768.jpg 1024w, http:\/\/aceps.pl\/wp-content\/uploads\/2018\/10\/newprojbud003_7-150x113.jpg 150w\" sizes=\"(max-width: 4032px) 100vw, 4032px\" \/><\/a><\/figure>\n\n\n\n<figure class=\"wp-block-image size-large\"><a href=\"http:\/\/aceps.pl\/wp-content\/uploads\/2018\/10\/newprojbud003_8.jpg\"><img loading=\"lazy\" width=\"4032\" height=\"3024\" data-id=\"758\"  src=\"http:\/\/aceps.pl\/wp-content\/uploads\/2018\/10\/newprojbud003_8.jpg\" alt=\"\" class=\"wp-image-758\" srcset=\"http:\/\/aceps.pl\/wp-content\/uploads\/2018\/10\/newprojbud003_8.jpg 4032w, http:\/\/aceps.pl\/wp-content\/uploads\/2018\/10\/newprojbud003_8-300x225.jpg 300w, http:\/\/aceps.pl\/wp-content\/uploads\/2018\/10\/newprojbud003_8-768x576.jpg 768w, http:\/\/aceps.pl\/wp-content\/uploads\/2018\/10\/newprojbud003_8-1024x768.jpg 1024w, http:\/\/aceps.pl\/wp-content\/uploads\/2018\/10\/newprojbud003_8-150x113.jpg 150w\" sizes=\"(max-width: 4032px) 100vw, 4032px\" \/><\/a><\/figure>\n\n\n\n<figure class=\"wp-block-image size-large\"><a href=\"http:\/\/aceps.pl\/wp-content\/uploads\/2018\/10\/newprojbud003_9.jpg\"><img loading=\"lazy\" width=\"4032\" height=\"3024\" data-id=\"759\"  src=\"http:\/\/aceps.pl\/wp-content\/uploads\/2018\/10\/newprojbud003_9.jpg\" alt=\"\" class=\"wp-image-759\" srcset=\"http:\/\/aceps.pl\/wp-content\/uploads\/2018\/10\/newprojbud003_9.jpg 4032w, http:\/\/aceps.pl\/wp-content\/uploads\/2018\/10\/newprojbud003_9-300x225.jpg 300w, http:\/\/aceps.pl\/wp-content\/uploads\/2018\/10\/newprojbud003_9-768x576.jpg 768w, http:\/\/aceps.pl\/wp-content\/uploads\/2018\/10\/newprojbud003_9-1024x768.jpg 1024w, http:\/\/aceps.pl\/wp-content\/uploads\/2018\/10\/newprojbud003_9-150x113.jpg 150w\" sizes=\"(max-width: 4032px) 100vw, 4032px\" \/><\/a><\/figure>\n\n\n\n<figure class=\"wp-block-image size-large\"><a href=\"http:\/\/aceps.pl\/wp-content\/uploads\/2018\/10\/newprojbud003_10.jpg\"><img loading=\"lazy\" width=\"4032\" height=\"3024\" data-id=\"760\"  src=\"http:\/\/aceps.pl\/wp-content\/uploads\/2018\/10\/newprojbud003_10.jpg\" alt=\"\" class=\"wp-image-760\" srcset=\"http:\/\/aceps.pl\/wp-content\/uploads\/2018\/10\/newprojbud003_10.jpg 4032w, http:\/\/aceps.pl\/wp-content\/uploads\/2018\/10\/newprojbud003_10-300x225.jpg 300w, http:\/\/aceps.pl\/wp-content\/uploads\/2018\/10\/newprojbud003_10-768x576.jpg 768w, http:\/\/aceps.pl\/wp-content\/uploads\/2018\/10\/newprojbud003_10-1024x768.jpg 1024w, http:\/\/aceps.pl\/wp-content\/uploads\/2018\/10\/newprojbud003_10-150x113.jpg 150w\" sizes=\"(max-width: 4032px) 100vw, 4032px\" \/><\/a><\/figure>\n\n\n\n<figure class=\"wp-block-image size-large\"><a href=\"http:\/\/aceps.pl\/wp-content\/uploads\/2018\/10\/newprojbud003_11.jpg\"><img loading=\"lazy\" width=\"4032\" height=\"3024\" data-id=\"761\"  src=\"http:\/\/aceps.pl\/wp-content\/uploads\/2018\/10\/newprojbud003_11.jpg\" alt=\"\" class=\"wp-image-761\" srcset=\"http:\/\/aceps.pl\/wp-content\/uploads\/2018\/10\/newprojbud003_11.jpg 4032w, http:\/\/aceps.pl\/wp-content\/uploads\/2018\/10\/newprojbud003_11-300x225.jpg 300w, http:\/\/aceps.pl\/wp-content\/uploads\/2018\/10\/newprojbud003_11-768x576.jpg 768w, http:\/\/aceps.pl\/wp-content\/uploads\/2018\/10\/newprojbud003_11-1024x768.jpg 1024w, http:\/\/aceps.pl\/wp-content\/uploads\/2018\/10\/newprojbud003_11-150x113.jpg 150w\" sizes=\"(max-width: 4032px) 100vw, 4032px\" \/><\/a><\/figure>\n\n\n\n<figure class=\"wp-block-image size-large\"><a href=\"http:\/\/aceps.pl\/wp-content\/uploads\/2018\/10\/newprojbud003_12.jpg\"><img loading=\"lazy\" width=\"5740\" height=\"3994\" data-id=\"762\"  src=\"http:\/\/aceps.pl\/wp-content\/uploads\/2018\/10\/newprojbud003_12.jpg\" alt=\"\" class=\"wp-image-762\" srcset=\"http:\/\/aceps.pl\/wp-content\/uploads\/2018\/10\/newprojbud003_12.jpg 5740w, http:\/\/aceps.pl\/wp-content\/uploads\/2018\/10\/newprojbud003_12-300x209.jpg 300w, http:\/\/aceps.pl\/wp-content\/uploads\/2018\/10\/newprojbud003_12-768x534.jpg 768w, http:\/\/aceps.pl\/wp-content\/uploads\/2018\/10\/newprojbud003_12-1024x713.jpg 1024w, http:\/\/aceps.pl\/wp-content\/uploads\/2018\/10\/newprojbud003_12-150x104.jpg 150w\" sizes=\"(max-width: 5740px) 100vw, 5740px\" \/><\/a><\/figure>\n\n\n\n<figure class=\"wp-block-image size-large\"><a href=\"http:\/\/aceps.pl\/wp-content\/uploads\/2018\/10\/newprojbud003_13.jpg\"><img loading=\"lazy\" width=\"3024\" height=\"4032\" data-id=\"763\"  src=\"http:\/\/aceps.pl\/wp-content\/uploads\/2018\/10\/newprojbud003_13.jpg\" alt=\"\" class=\"wp-image-763\" srcset=\"http:\/\/aceps.pl\/wp-content\/uploads\/2018\/10\/newprojbud003_13.jpg 3024w, http:\/\/aceps.pl\/wp-content\/uploads\/2018\/10\/newprojbud003_13-225x300.jpg 225w, http:\/\/aceps.pl\/wp-content\/uploads\/2018\/10\/newprojbud003_13-768x1024.jpg 768w, http:\/\/aceps.pl\/wp-content\/uploads\/2018\/10\/newprojbud003_13-113x150.jpg 113w\" sizes=\"(max-width: 3024px) 100vw, 3024px\" \/><\/a><\/figure>\n\n\n\n<figure class=\"wp-block-image size-large\"><a href=\"http:\/\/aceps.pl\/wp-content\/uploads\/2018\/10\/newprojbud003_14.jpg\"><img loading=\"lazy\" width=\"3024\" height=\"4032\" data-id=\"764\"  src=\"http:\/\/aceps.pl\/wp-content\/uploads\/2018\/10\/newprojbud003_14.jpg\" alt=\"\" class=\"wp-image-764\" srcset=\"http:\/\/aceps.pl\/wp-content\/uploads\/2018\/10\/newprojbud003_14.jpg 3024w, http:\/\/aceps.pl\/wp-content\/uploads\/2018\/10\/newprojbud003_14-225x300.jpg 225w, http:\/\/aceps.pl\/wp-content\/uploads\/2018\/10\/newprojbud003_14-768x1024.jpg 768w, http:\/\/aceps.pl\/wp-content\/uploads\/2018\/10\/newprojbud003_14-113x150.jpg 113w\" sizes=\"(max-width: 3024px) 100vw, 3024px\" \/><\/a><\/figure>\n<\/figure>\n","protected":false},"excerpt":{"rendered":"<p>Projekt obejmowa\u0142 modyfikacj\u0119 hali pod wymogi inwestora oraz wzmocnienie konstrukcji pod k\u0105tem spe\u0142nienia aktualnie obowi\u0105zuj\u0105cych obci\u0105\u017ce\u0144 projektowych i norm budowlanych. W projekcie przewidziano rozbi\u00f3rk\u0119 kr\u00f3tszej nawy hali, a tak\u017ce ca\u0142\u0105 obudow\u0119 hali. Wykonane obliczenia statyczne wykaza\u0142y konieczno\u015b\u0107 wzmocnienia konstrukcji za pomoc\u0105 dodatkowych st\u0119\u017ce\u0144 po\u0142aciowych i \u015bcniennych rozk\u0142adaj\u0105cych obci\u0105zenia na poszczeg\u00f3lne ramy uk\u0142adu. Now\u0105 obudow\u0119 hali&#8230;<\/p>\n","protected":false},"author":1,"featured_media":0,"parent":373,"menu_order":0,"comment_status":"closed","ping_status":"closed","template":"","meta":[],"_links":{"self":[{"href":"http:\/\/aceps.pl\/index.php\/wp-json\/wp\/v2\/pages\/765"}],"collection":[{"href":"http:\/\/aceps.pl\/index.php\/wp-json\/wp\/v2\/pages"}],"about":[{"href":"http:\/\/aceps.pl\/index.php\/wp-json\/wp\/v2\/types\/page"}],"author":[{"embeddable":true,"href":"http:\/\/aceps.pl\/index.php\/wp-json\/wp\/v2\/users\/1"}],"replies":[{"embeddable":true,"href":"http:\/\/aceps.pl\/index.php\/wp-json\/wp\/v2\/comments?post=765"}],"version-history":[{"count":4,"href":"http:\/\/aceps.pl\/index.php\/wp-json\/wp\/v2\/pages\/765\/revisions"}],"predecessor-version":[{"id":1394,"href":"http:\/\/aceps.pl\/index.php\/wp-json\/wp\/v2\/pages\/765\/revisions\/1394"}],"up":[{"embeddable":true,"href":"http:\/\/aceps.pl\/index.php\/wp-json\/wp\/v2\/pages\/373"}],"wp:attachment":[{"href":"http:\/\/aceps.pl\/index.php\/wp-json\/wp\/v2\/media?parent=765"}],"curies":[{"name":"wp","href":"https:\/\/api.w.org\/{rel}","templated":true}]}}