{"id":668,"date":"2018-10-29T10:44:33","date_gmt":"2018-10-29T09:44:33","guid":{"rendered":"http:\/\/aceps.pl\/?page_id=668"},"modified":"2022-03-04T10:32:40","modified_gmt":"2022-03-04T09:32:40","slug":"budynek-mieszkalny-wielorodzinny-pobiedziska","status":"publish","type":"page","link":"http:\/\/aceps.pl\/index.php\/projekty\/budownictwo-mieszkaniowe\/budynek-mieszkalny-wielorodzinny-pobiedziska\/","title":{"rendered":"Budynek mieszkalny wielorodzinny, Pobiedziska"},"content":{"rendered":"<p>Przedmiotem projektu by\u0142a zmiana elewacji zespo\u0142u budynk\u00f3w wielorodzinnych<br>Agrobex Sp. z o.o.<\/p>\n<p><\/p>\n\n\n<figure class=\"wp-block-gallery has-nested-images columns-default is-cropped\">\n<figure class=\"wp-block-image size-large\"><a href=\"http:\/\/aceps.pl\/wp-content\/uploads\/2018\/10\/budmiesz000_2.jpg\"><img loading=\"lazy\" width=\"3500\" height=\"2475\" data-id=\"652\"  src=\"http:\/\/aceps.pl\/wp-content\/uploads\/2018\/10\/budmiesz000_2.jpg\" alt=\"\" class=\"wp-image-652\" srcset=\"http:\/\/aceps.pl\/wp-content\/uploads\/2018\/10\/budmiesz000_2.jpg 3500w, http:\/\/aceps.pl\/wp-content\/uploads\/2018\/10\/budmiesz000_2-300x212.jpg 300w, http:\/\/aceps.pl\/wp-content\/uploads\/2018\/10\/budmiesz000_2-768x543.jpg 768w, http:\/\/aceps.pl\/wp-content\/uploads\/2018\/10\/budmiesz000_2-1024x724.jpg 1024w, http:\/\/aceps.pl\/wp-content\/uploads\/2018\/10\/budmiesz000_2-150x106.jpg 150w\" sizes=\"(max-width: 3500px) 100vw, 3500px\" \/><\/a><\/figure>\n\n\n\n<figure class=\"wp-block-image size-large\"><a href=\"http:\/\/aceps.pl\/wp-content\/uploads\/2018\/10\/budmiesz000_1.jpg\"><img loading=\"lazy\" width=\"3500\" height=\"2475\" data-id=\"651\"  src=\"http:\/\/aceps.pl\/wp-content\/uploads\/2018\/10\/budmiesz000_1.jpg\" alt=\"\" class=\"wp-image-651\" srcset=\"http:\/\/aceps.pl\/wp-content\/uploads\/2018\/10\/budmiesz000_1.jpg 3500w, http:\/\/aceps.pl\/wp-content\/uploads\/2018\/10\/budmiesz000_1-300x212.jpg 300w, http:\/\/aceps.pl\/wp-content\/uploads\/2018\/10\/budmiesz000_1-768x543.jpg 768w, http:\/\/aceps.pl\/wp-content\/uploads\/2018\/10\/budmiesz000_1-1024x724.jpg 1024w, http:\/\/aceps.pl\/wp-content\/uploads\/2018\/10\/budmiesz000_1-150x106.jpg 150w\" sizes=\"(max-width: 3500px) 100vw, 3500px\" \/><\/a><\/figure>\n<\/figure>\n","protected":false},"excerpt":{"rendered":"<p>Przedmiotem projektu by\u0142a zmiana elewacji zespo\u0142u budynk\u00f3w wielorodzinnychAgrobex Sp. z o.o.<\/p>\n","protected":false},"author":1,"featured_media":0,"parent":371,"menu_order":0,"comment_status":"closed","ping_status":"closed","template":"","meta":[],"_links":{"self":[{"href":"http:\/\/aceps.pl\/index.php\/wp-json\/wp\/v2\/pages\/668"}],"collection":[{"href":"http:\/\/aceps.pl\/index.php\/wp-json\/wp\/v2\/pages"}],"about":[{"href":"http:\/\/aceps.pl\/index.php\/wp-json\/wp\/v2\/types\/page"}],"author":[{"embeddable":true,"href":"http:\/\/aceps.pl\/index.php\/wp-json\/wp\/v2\/users\/1"}],"replies":[{"embeddable":true,"href":"http:\/\/aceps.pl\/index.php\/wp-json\/wp\/v2\/comments?post=668"}],"version-history":[{"count":6,"href":"http:\/\/aceps.pl\/index.php\/wp-json\/wp\/v2\/pages\/668\/revisions"}],"predecessor-version":[{"id":1375,"href":"http:\/\/aceps.pl\/index.php\/wp-json\/wp\/v2\/pages\/668\/revisions\/1375"}],"up":[{"embeddable":true,"href":"http:\/\/aceps.pl\/index.php\/wp-json\/wp\/v2\/pages\/371"}],"wp:attachment":[{"href":"http:\/\/aceps.pl\/index.php\/wp-json\/wp\/v2\/media?parent=668"}],"curies":[{"name":"wp","href":"https:\/\/api.w.org\/{rel}","templated":true}]}}