{"id":1589,"date":"2025-04-29T20:50:56","date_gmt":"2025-04-29T18:50:56","guid":{"rendered":"http:\/\/aceps.pl\/?page_id=1589"},"modified":"2025-04-29T20:50:56","modified_gmt":"2025-04-29T18:50:56","slug":"przeglady-okresowe-budynkow","status":"publish","type":"page","link":"http:\/\/aceps.pl\/index.php\/przeglady-okresowe-budynkow\/","title":{"rendered":"Przegl\u0105dy okresowe budynk\u00f3w"},"content":{"rendered":"\n<p>Realizujemy obowi\u0105zkowe kontrole okresowe stanu technicznego obiekt\u00f3w budowlanych zgodnie z przepisami Prawa budowlanego. Przegl\u0105dy obejmuj\u0105 zar\u00f3wno ocen\u0119 wizualn\u0105, jak i dokumentacj\u0119 fotograficzn\u0105 oraz wnioski i zalecenia dla w\u0142a\u015bciciela lub zarz\u0105dcy.<\/p>\n","protected":false},"excerpt":{"rendered":"<p>Realizujemy obowi\u0105zkowe kontrole okresowe stanu technicznego obiekt\u00f3w budowlanych zgodnie z przepisami Prawa budowlanego. Przegl\u0105dy obejmuj\u0105 zar\u00f3wno ocen\u0119 wizualn\u0105, jak i dokumentacj\u0119 fotograficzn\u0105 oraz wnioski i zalecenia dla w\u0142a\u015bciciela lub zarz\u0105dcy.<\/p>\n","protected":false},"author":1,"featured_media":0,"parent":0,"menu_order":0,"comment_status":"closed","ping_status":"closed","template":"","meta":[],"_links":{"self":[{"href":"http:\/\/aceps.pl\/index.php\/wp-json\/wp\/v2\/pages\/1589"}],"collection":[{"href":"http:\/\/aceps.pl\/index.php\/wp-json\/wp\/v2\/pages"}],"about":[{"href":"http:\/\/aceps.pl\/index.php\/wp-json\/wp\/v2\/types\/page"}],"author":[{"embeddable":true,"href":"http:\/\/aceps.pl\/index.php\/wp-json\/wp\/v2\/users\/1"}],"replies":[{"embeddable":true,"href":"http:\/\/aceps.pl\/index.php\/wp-json\/wp\/v2\/comments?post=1589"}],"version-history":[{"count":1,"href":"http:\/\/aceps.pl\/index.php\/wp-json\/wp\/v2\/pages\/1589\/revisions"}],"predecessor-version":[{"id":1590,"href":"http:\/\/aceps.pl\/index.php\/wp-json\/wp\/v2\/pages\/1589\/revisions\/1590"}],"wp:attachment":[{"href":"http:\/\/aceps.pl\/index.php\/wp-json\/wp\/v2\/media?parent=1589"}],"curies":[{"name":"wp","href":"https:\/\/api.w.org\/{rel}","templated":true}]}}