{"id":1488,"date":"2022-03-15T18:33:28","date_gmt":"2022-03-15T17:33:28","guid":{"rendered":"http:\/\/aceps.pl\/?page_id=1488"},"modified":"2022-03-15T18:33:28","modified_gmt":"2022-03-15T17:33:28","slug":"budynek-mieszkalny-wielorodzinny-w-swarzedzu","status":"publish","type":"page","link":"http:\/\/aceps.pl\/index.php\/projekty\/budownictwo-mieszkaniowe\/budynek-mieszkalny-wielorodzinny-w-swarzedzu\/","title":{"rendered":"Budynek mieszkalny wielorodzinny w Swarz\u0119dzu"},"content":{"rendered":"\n<p><strong>Klient: <\/strong>PPUiH AGROBEX Sp. z o.o., 60-845 Pozna\u0144<br><strong>Lokalizacja:<\/strong> Swarz\u0119dz, ul. Cmentarna \/ Cybi\u0144ska<br><strong>Powierzchnia:<\/strong> ~10 000m2<br><strong>Realizacja:<\/strong> 2021r.<\/p>\n\n\n\n<p>Kompleksowy, pe\u0142nobran\u017cowy projekt budowlano &#8211; wykonawczy budynku mieszkalnego<br>wielorodzinnego w Swarz\u0119dzu.<br>Zamierzenie inwestycyjne sk\u0142adaj\u0105ce si\u0119 z 3 budynk\u00f3w mieszkalnych wielorodzinnych i<br>mieszkalno us\u0142ugowych.<\/p>\n\n\n\n<p>&nbsp;<\/p>\n\n\n\n<figure class=\"wp-block-gallery has-nested-images columns-4 is-cropped\">\n<figure class=\"wp-block-image size-large\"><a href=\"http:\/\/aceps.pl\/wp-content\/uploads\/2022\/03\/A_C1-scaled.jpg\"><img loading=\"lazy\" width=\"1024\" height=\"576\" data-id=\"1492\"  src=\"http:\/\/aceps.pl\/wp-content\/uploads\/2022\/03\/A_C1-1024x576.jpg\" alt=\"\" class=\"wp-image-1492\" srcset=\"http:\/\/aceps.pl\/wp-content\/uploads\/2022\/03\/A_C1-1024x576.jpg 1024w, http:\/\/aceps.pl\/wp-content\/uploads\/2022\/03\/A_C1-300x169.jpg 300w, http:\/\/aceps.pl\/wp-content\/uploads\/2022\/03\/A_C1-768x432.jpg 768w, http:\/\/aceps.pl\/wp-content\/uploads\/2022\/03\/A_C1-1536x864.jpg 1536w, http:\/\/aceps.pl\/wp-content\/uploads\/2022\/03\/A_C1-2048x1152.jpg 2048w, http:\/\/aceps.pl\/wp-content\/uploads\/2022\/03\/A_C1-150x84.jpg 150w\" sizes=\"(max-width: 1024px) 100vw, 1024px\" \/><\/a><\/figure>\n\n\n\n<figure class=\"wp-block-image size-large\"><a href=\"http:\/\/aceps.pl\/wp-content\/uploads\/2022\/03\/A_C3-scaled.jpg\"><img loading=\"lazy\" width=\"1024\" height=\"576\" data-id=\"1489\"  src=\"http:\/\/aceps.pl\/wp-content\/uploads\/2022\/03\/A_C3-1024x576.jpg\" alt=\"\" class=\"wp-image-1489\" srcset=\"http:\/\/aceps.pl\/wp-content\/uploads\/2022\/03\/A_C3-1024x576.jpg 1024w, http:\/\/aceps.pl\/wp-content\/uploads\/2022\/03\/A_C3-300x169.jpg 300w, http:\/\/aceps.pl\/wp-content\/uploads\/2022\/03\/A_C3-768x432.jpg 768w, http:\/\/aceps.pl\/wp-content\/uploads\/2022\/03\/A_C3-1536x864.jpg 1536w, http:\/\/aceps.pl\/wp-content\/uploads\/2022\/03\/A_C3-2048x1152.jpg 2048w, http:\/\/aceps.pl\/wp-content\/uploads\/2022\/03\/A_C3-150x84.jpg 150w\" sizes=\"(max-width: 1024px) 100vw, 1024px\" \/><\/a><\/figure>\n\n\n\n<figure class=\"wp-block-image size-large\"><a href=\"http:\/\/aceps.pl\/wp-content\/uploads\/2022\/03\/B_C1-scaled.jpg\"><img loading=\"lazy\" width=\"1024\" height=\"576\" data-id=\"1495\"  src=\"http:\/\/aceps.pl\/wp-content\/uploads\/2022\/03\/B_C1-1024x576.jpg\" alt=\"\" class=\"wp-image-1495\" srcset=\"http:\/\/aceps.pl\/wp-content\/uploads\/2022\/03\/B_C1-1024x576.jpg 1024w, http:\/\/aceps.pl\/wp-content\/uploads\/2022\/03\/B_C1-300x169.jpg 300w, http:\/\/aceps.pl\/wp-content\/uploads\/2022\/03\/B_C1-768x432.jpg 768w, http:\/\/aceps.pl\/wp-content\/uploads\/2022\/03\/B_C1-1536x864.jpg 1536w, http:\/\/aceps.pl\/wp-content\/uploads\/2022\/03\/B_C1-2048x1152.jpg 2048w, http:\/\/aceps.pl\/wp-content\/uploads\/2022\/03\/B_C1-150x84.jpg 150w\" sizes=\"(max-width: 1024px) 100vw, 1024px\" \/><\/a><\/figure>\n\n\n\n<figure class=\"wp-block-image size-large\"><a href=\"http:\/\/aceps.pl\/wp-content\/uploads\/2022\/03\/B_C3-scaled.jpg\"><img loading=\"lazy\" width=\"1024\" height=\"576\" data-id=\"1491\"  src=\"http:\/\/aceps.pl\/wp-content\/uploads\/2022\/03\/B_C3-1024x576.jpg\" alt=\"\" class=\"wp-image-1491\" srcset=\"http:\/\/aceps.pl\/wp-content\/uploads\/2022\/03\/B_C3-1024x576.jpg 1024w, http:\/\/aceps.pl\/wp-content\/uploads\/2022\/03\/B_C3-300x169.jpg 300w, http:\/\/aceps.pl\/wp-content\/uploads\/2022\/03\/B_C3-768x432.jpg 768w, http:\/\/aceps.pl\/wp-content\/uploads\/2022\/03\/B_C3-1536x864.jpg 1536w, http:\/\/aceps.pl\/wp-content\/uploads\/2022\/03\/B_C3-2048x1152.jpg 2048w, http:\/\/aceps.pl\/wp-content\/uploads\/2022\/03\/B_C3-150x84.jpg 150w\" sizes=\"(max-width: 1024px) 100vw, 1024px\" \/><\/a><\/figure>\n\n\n\n<figure class=\"wp-block-image size-large\"><a href=\"http:\/\/aceps.pl\/wp-content\/uploads\/2022\/03\/C_C1-scaled.jpg\"><img loading=\"lazy\" width=\"1024\" height=\"576\" data-id=\"1493\"  src=\"http:\/\/aceps.pl\/wp-content\/uploads\/2022\/03\/C_C1-1024x576.jpg\" alt=\"\" class=\"wp-image-1493\" srcset=\"http:\/\/aceps.pl\/wp-content\/uploads\/2022\/03\/C_C1-1024x576.jpg 1024w, http:\/\/aceps.pl\/wp-content\/uploads\/2022\/03\/C_C1-300x169.jpg 300w, http:\/\/aceps.pl\/wp-content\/uploads\/2022\/03\/C_C1-768x432.jpg 768w, http:\/\/aceps.pl\/wp-content\/uploads\/2022\/03\/C_C1-1536x864.jpg 1536w, http:\/\/aceps.pl\/wp-content\/uploads\/2022\/03\/C_C1-2048x1152.jpg 2048w, http:\/\/aceps.pl\/wp-content\/uploads\/2022\/03\/C_C1-150x84.jpg 150w\" sizes=\"(max-width: 1024px) 100vw, 1024px\" \/><\/a><\/figure>\n\n\n\n<figure class=\"wp-block-image size-large\"><a href=\"http:\/\/aceps.pl\/wp-content\/uploads\/2022\/03\/C_C3-scaled.jpg\"><img loading=\"lazy\" width=\"1024\" height=\"576\" data-id=\"1490\"  src=\"http:\/\/aceps.pl\/wp-content\/uploads\/2022\/03\/C_C3-1024x576.jpg\" alt=\"\" class=\"wp-image-1490\" srcset=\"http:\/\/aceps.pl\/wp-content\/uploads\/2022\/03\/C_C3-1024x576.jpg 1024w, http:\/\/aceps.pl\/wp-content\/uploads\/2022\/03\/C_C3-300x169.jpg 300w, http:\/\/aceps.pl\/wp-content\/uploads\/2022\/03\/C_C3-768x432.jpg 768w, http:\/\/aceps.pl\/wp-content\/uploads\/2022\/03\/C_C3-1536x864.jpg 1536w, http:\/\/aceps.pl\/wp-content\/uploads\/2022\/03\/C_C3-2048x1152.jpg 2048w, http:\/\/aceps.pl\/wp-content\/uploads\/2022\/03\/C_C3-150x84.jpg 150w\" sizes=\"(max-width: 1024px) 100vw, 1024px\" \/><\/a><\/figure>\n\n\n\n<figure class=\"wp-block-image size-large\"><a href=\"http:\/\/aceps.pl\/wp-content\/uploads\/2022\/03\/DJI_0726-scaled.jpg\"><img loading=\"lazy\" width=\"1024\" height=\"575\" data-id=\"1496\"  src=\"http:\/\/aceps.pl\/wp-content\/uploads\/2022\/03\/DJI_0726-1024x575.jpg\" alt=\"\" class=\"wp-image-1496\" srcset=\"http:\/\/aceps.pl\/wp-content\/uploads\/2022\/03\/DJI_0726-1024x575.jpg 1024w, http:\/\/aceps.pl\/wp-content\/uploads\/2022\/03\/DJI_0726-300x168.jpg 300w, http:\/\/aceps.pl\/wp-content\/uploads\/2022\/03\/DJI_0726-768x431.jpg 768w, http:\/\/aceps.pl\/wp-content\/uploads\/2022\/03\/DJI_0726-1536x863.jpg 1536w, http:\/\/aceps.pl\/wp-content\/uploads\/2022\/03\/DJI_0726-2048x1150.jpg 2048w, http:\/\/aceps.pl\/wp-content\/uploads\/2022\/03\/DJI_0726-150x84.jpg 150w\" sizes=\"(max-width: 1024px) 100vw, 1024px\" \/><\/a><\/figure>\n\n\n\n<figure class=\"wp-block-image size-large\"><a href=\"http:\/\/aceps.pl\/wp-content\/uploads\/2022\/03\/O_C4-scaled.jpg\"><img loading=\"lazy\" width=\"1024\" height=\"576\" data-id=\"1494\"  src=\"http:\/\/aceps.pl\/wp-content\/uploads\/2022\/03\/O_C4-1024x576.jpg\" alt=\"\" class=\"wp-image-1494\" srcset=\"http:\/\/aceps.pl\/wp-content\/uploads\/2022\/03\/O_C4-1024x576.jpg 1024w, http:\/\/aceps.pl\/wp-content\/uploads\/2022\/03\/O_C4-300x169.jpg 300w, http:\/\/aceps.pl\/wp-content\/uploads\/2022\/03\/O_C4-768x432.jpg 768w, http:\/\/aceps.pl\/wp-content\/uploads\/2022\/03\/O_C4-1536x864.jpg 1536w, http:\/\/aceps.pl\/wp-content\/uploads\/2022\/03\/O_C4-2048x1152.jpg 2048w, http:\/\/aceps.pl\/wp-content\/uploads\/2022\/03\/O_C4-150x84.jpg 150w\" sizes=\"(max-width: 1024px) 100vw, 1024px\" \/><\/a><\/figure>\n<\/figure>\n","protected":false},"excerpt":{"rendered":"<p>Klient: PPUiH AGROBEX Sp. z o.o., 60-845 Pozna\u0144Lokalizacja: Swarz\u0119dz, ul. Cmentarna \/ Cybi\u0144skaPowierzchnia: ~10 000m2Realizacja: 2021r. Kompleksowy, pe\u0142nobran\u017cowy projekt budowlano &#8211; wykonawczy budynku mieszkalnegowielorodzinnego w Swarz\u0119dzu.Zamierzenie inwestycyjne sk\u0142adaj\u0105ce si\u0119 z 3 budynk\u00f3w mieszkalnych wielorodzinnych imieszkalno us\u0142ugowych. &nbsp;<\/p>\n","protected":false},"author":1,"featured_media":0,"parent":371,"menu_order":0,"comment_status":"closed","ping_status":"closed","template":"","meta":[],"_links":{"self":[{"href":"http:\/\/aceps.pl\/index.php\/wp-json\/wp\/v2\/pages\/1488"}],"collection":[{"href":"http:\/\/aceps.pl\/index.php\/wp-json\/wp\/v2\/pages"}],"about":[{"href":"http:\/\/aceps.pl\/index.php\/wp-json\/wp\/v2\/types\/page"}],"author":[{"embeddable":true,"href":"http:\/\/aceps.pl\/index.php\/wp-json\/wp\/v2\/users\/1"}],"replies":[{"embeddable":true,"href":"http:\/\/aceps.pl\/index.php\/wp-json\/wp\/v2\/comments?post=1488"}],"version-history":[{"count":1,"href":"http:\/\/aceps.pl\/index.php\/wp-json\/wp\/v2\/pages\/1488\/revisions"}],"predecessor-version":[{"id":1497,"href":"http:\/\/aceps.pl\/index.php\/wp-json\/wp\/v2\/pages\/1488\/revisions\/1497"}],"up":[{"embeddable":true,"href":"http:\/\/aceps.pl\/index.php\/wp-json\/wp\/v2\/pages\/371"}],"wp:attachment":[{"href":"http:\/\/aceps.pl\/index.php\/wp-json\/wp\/v2\/media?parent=1488"}],"curies":[{"name":"wp","href":"https:\/\/api.w.org\/{rel}","templated":true}]}}