{"id":1462,"date":"2022-03-13T21:14:12","date_gmt":"2022-03-13T20:14:12","guid":{"rendered":"http:\/\/aceps.pl\/?page_id=1462"},"modified":"2022-03-13T21:49:31","modified_gmt":"2022-03-13T20:49:31","slug":"budynek-produkcyjny-z-budynkiem-biurowo-socjalnym-oraz-budynkiem-magazynowym","status":"publish","type":"page","link":"http:\/\/aceps.pl\/index.php\/projekty\/budownictwo-przemyslowe\/budynek-produkcyjny-z-budynkiem-biurowo-socjalnym-oraz-budynkiem-magazynowym\/","title":{"rendered":"Budynek produkcyjny z budynkiem biurowo-socjalnym oraz budynkiem magazynowym"},"content":{"rendered":"\n<p><strong>Klient: <\/strong>BIACOLOR Sp. z o.o., 16-010 Wasilk\u00f3w; GRANG Sp. z o.o. , 42-400 Zawiercie<br><strong>Lokalizacja:<\/strong> Zawiercie, obr\u0119b Marcisz\u00f3w<br><strong>Powierzchnia:<\/strong> ~3400 m2<br><strong>Realizacja:<\/strong> 2020r.<\/p>\n\n\n\n<p>Projekt budowlano &#8211; wykonawczy budynku produkcyjno-magazynowego z budynkiem biurowo-<br>socjalnym wraz z infrastruktur\u0105 techniczn\u0105 i zagospodarowaniem terenu.<br>Budynek zaprojektowany jako jednokondygnacyjny parterowy w cz\u0119\u015bci produkcyjno-magazynowej<br>oraz dwukondygnacyjny w cz\u0119\u015bci biurowo-socjalnej.<br>Hala w konstrukcji \u017celbetowej z obudow\u0105 z p\u0142yt warstwowych i przykryta blach\u0105 trapezow\u0105. Cz\u0119\u015b\u0107<br>socjalno-biurowa w konstrukcji murowanej.<\/p>\n\n\n\n<p>&nbsp;<\/p>\n\n\n\n<figure class=\"wp-block-gallery has-nested-images columns-default is-cropped\">\n<figure class=\"wp-block-image size-large\"><a href=\"http:\/\/aceps.pl\/wp-content\/uploads\/2022\/03\/bud_przem_030_1.png\"><img loading=\"lazy\" width=\"1024\" height=\"730\" data-id=\"1470\"  src=\"http:\/\/aceps.pl\/wp-content\/uploads\/2022\/03\/bud_przem_030_1-1024x730.png\" alt=\"\" class=\"wp-image-1470\" srcset=\"http:\/\/aceps.pl\/wp-content\/uploads\/2022\/03\/bud_przem_030_1-1024x730.png 1024w, http:\/\/aceps.pl\/wp-content\/uploads\/2022\/03\/bud_przem_030_1-300x214.png 300w, http:\/\/aceps.pl\/wp-content\/uploads\/2022\/03\/bud_przem_030_1-768x547.png 768w, http:\/\/aceps.pl\/wp-content\/uploads\/2022\/03\/bud_przem_030_1-150x107.png 150w, http:\/\/aceps.pl\/wp-content\/uploads\/2022\/03\/bud_przem_030_1.png 1149w\" sizes=\"(max-width: 1024px) 100vw, 1024px\" \/><\/a><\/figure>\n\n\n\n<figure class=\"wp-block-image size-large\"><a href=\"http:\/\/aceps.pl\/wp-content\/uploads\/2022\/03\/bud_przem_030_2.png\"><img loading=\"lazy\" width=\"759\" height=\"677\" data-id=\"1468\"  src=\"http:\/\/aceps.pl\/wp-content\/uploads\/2022\/03\/bud_przem_030_2.png\" alt=\"\" class=\"wp-image-1468\" srcset=\"http:\/\/aceps.pl\/wp-content\/uploads\/2022\/03\/bud_przem_030_2.png 759w, http:\/\/aceps.pl\/wp-content\/uploads\/2022\/03\/bud_przem_030_2-300x268.png 300w, http:\/\/aceps.pl\/wp-content\/uploads\/2022\/03\/bud_przem_030_2-150x134.png 150w\" sizes=\"(max-width: 759px) 100vw, 759px\" \/><\/a><\/figure>\n\n\n\n<figure class=\"wp-block-image size-large\"><a href=\"http:\/\/aceps.pl\/wp-content\/uploads\/2022\/03\/bud_przem_030_3.png\"><img loading=\"lazy\" width=\"831\" height=\"767\" data-id=\"1469\"  src=\"http:\/\/aceps.pl\/wp-content\/uploads\/2022\/03\/bud_przem_030_3.png\" alt=\"\" class=\"wp-image-1469\" srcset=\"http:\/\/aceps.pl\/wp-content\/uploads\/2022\/03\/bud_przem_030_3.png 831w, http:\/\/aceps.pl\/wp-content\/uploads\/2022\/03\/bud_przem_030_3-300x277.png 300w, http:\/\/aceps.pl\/wp-content\/uploads\/2022\/03\/bud_przem_030_3-768x709.png 768w, http:\/\/aceps.pl\/wp-content\/uploads\/2022\/03\/bud_przem_030_3-150x138.png 150w\" sizes=\"(max-width: 831px) 100vw, 831px\" \/><\/a><\/figure>\n<\/figure>\n","protected":false},"excerpt":{"rendered":"<p>Klient: BIACOLOR Sp. z o.o., 16-010 Wasilk\u00f3w; GRANG Sp. z o.o. , 42-400 ZawiercieLokalizacja: Zawiercie, obr\u0119b Marcisz\u00f3wPowierzchnia: ~3400 m2Realizacja: 2020r. Projekt budowlano &#8211; wykonawczy budynku produkcyjno-magazynowego z budynkiem biurowo-socjalnym wraz z infrastruktur\u0105 techniczn\u0105 i zagospodarowaniem terenu.Budynek zaprojektowany jako jednokondygnacyjny parterowy w cz\u0119\u015bci produkcyjno-magazynowejoraz dwukondygnacyjny w cz\u0119\u015bci biurowo-socjalnej.Hala w konstrukcji \u017celbetowej z obudow\u0105 z p\u0142yt warstwowych&#8230;<\/p>\n","protected":false},"author":1,"featured_media":0,"parent":373,"menu_order":0,"comment_status":"closed","ping_status":"closed","template":"","meta":[],"_links":{"self":[{"href":"http:\/\/aceps.pl\/index.php\/wp-json\/wp\/v2\/pages\/1462"}],"collection":[{"href":"http:\/\/aceps.pl\/index.php\/wp-json\/wp\/v2\/pages"}],"about":[{"href":"http:\/\/aceps.pl\/index.php\/wp-json\/wp\/v2\/types\/page"}],"author":[{"embeddable":true,"href":"http:\/\/aceps.pl\/index.php\/wp-json\/wp\/v2\/users\/1"}],"replies":[{"embeddable":true,"href":"http:\/\/aceps.pl\/index.php\/wp-json\/wp\/v2\/comments?post=1462"}],"version-history":[{"count":2,"href":"http:\/\/aceps.pl\/index.php\/wp-json\/wp\/v2\/pages\/1462\/revisions"}],"predecessor-version":[{"id":1471,"href":"http:\/\/aceps.pl\/index.php\/wp-json\/wp\/v2\/pages\/1462\/revisions\/1471"}],"up":[{"embeddable":true,"href":"http:\/\/aceps.pl\/index.php\/wp-json\/wp\/v2\/pages\/373"}],"wp:attachment":[{"href":"http:\/\/aceps.pl\/index.php\/wp-json\/wp\/v2\/media?parent=1462"}],"curies":[{"name":"wp","href":"https:\/\/api.w.org\/{rel}","templated":true}]}}