{"id":1449,"date":"2022-03-11T14:52:15","date_gmt":"2022-03-11T13:52:15","guid":{"rendered":"http:\/\/aceps.pl\/?page_id=1449"},"modified":"2022-03-11T15:06:07","modified_gmt":"2022-03-11T14:06:07","slug":"slupy-oswietleniowe-stadionu-lekkoatletycznego","status":"publish","type":"page","link":"http:\/\/aceps.pl\/index.php\/ekspertyzy\/slupy-oswietleniowe-stadionu-lekkoatletycznego\/","title":{"rendered":"S\u0142upy o\u015bwietleniowe stadionu lekkoatletycznego"},"content":{"rendered":"\n<p><strong>Klient: <\/strong>Miasto Pozna\u0144 \u2013 Pozna\u0144ski O\u015brodek Sportu i Rekreacji<br><strong>Lokalizacja: <\/strong>Pozna\u0144, Warmi\u0144ska 1<br><strong>Realizacja:<\/strong> 2020r.<\/p>\n\n\n\n<p>Przedmiotem opracowania by\u0142o sprawdzenie wytrzyma\u0142o\u015bci istniej\u0105cych s\u0142up\u00f3w o\u015bwietleniowych<br>Stadionu Lekkoatletycznego mieszcz\u0105cego si\u0119 przy ul. Warmi\u0144skiej 1 w Poznaniu z uwagi na zmian\u0119<br>typu opraw o\u015bwietleniowych. \u200b<\/p>\n\n\n\n<p>S\u0142upy o\u015bwietleniowe stadionu lekkoatletycznego zosta\u0142y wykonane na sze\u015bciu stanowiskach wok\u00f3\u0142<br>bie\u017cni stadionu. Sprawdzane s\u0142upy zosta\u0142y zaprojektowane jako wi\u0105zka sze\u015bciu r\u00f3wnolegle<br>usytuowanych pionowych pr\u0119t\u00f3w z profili rurowych, stanowi\u0105cych trzon s\u0142upa.<br>Wysoko\u015b\u0107 ca\u0142kowita trzonu s\u0142upa wynosi 42m, a gabaryty przekroju poprzecznego mieszcz\u0105 si\u0119 w<br>prostok\u0105cie 2,5m x 3,3 m. Na poziomach +26,12m, +30,32m, +34,52m znajduj\u0105 si\u0119 pomosty robocze.<br>S\u0142upy posadowione s\u0105 na fundamencie skrzyniowym. Fundament cz\u0119\u015b\u0107 skrzyniowa jest elementem<br>\u0142\u0105cz\u0105cym konstrukcj\u0119 stalowa s\u0142upa z grup\u0105 pali<\/p>\n\n\n\n<p>&nbsp;<\/p>\n\n\n\n<figure class=\"wp-block-gallery has-nested-images columns-default is-cropped\">\n<figure class=\"wp-block-image size-large\"><a href=\"http:\/\/aceps.pl\/wp-content\/uploads\/2022\/03\/ekspertyzy_007_01-scaled.jpg\"><img loading=\"lazy\" width=\"1024\" height=\"680\" data-id=\"1452\"  src=\"http:\/\/aceps.pl\/wp-content\/uploads\/2022\/03\/ekspertyzy_007_01-1024x680.jpg\" alt=\"\" class=\"wp-image-1452\" srcset=\"http:\/\/aceps.pl\/wp-content\/uploads\/2022\/03\/ekspertyzy_007_01-1024x680.jpg 1024w, http:\/\/aceps.pl\/wp-content\/uploads\/2022\/03\/ekspertyzy_007_01-300x199.jpg 300w, http:\/\/aceps.pl\/wp-content\/uploads\/2022\/03\/ekspertyzy_007_01-768x510.jpg 768w, http:\/\/aceps.pl\/wp-content\/uploads\/2022\/03\/ekspertyzy_007_01-1536x1020.jpg 1536w, http:\/\/aceps.pl\/wp-content\/uploads\/2022\/03\/ekspertyzy_007_01-2048x1360.jpg 2048w, http:\/\/aceps.pl\/wp-content\/uploads\/2022\/03\/ekspertyzy_007_01-150x100.jpg 150w\" sizes=\"(max-width: 1024px) 100vw, 1024px\" \/><\/a><\/figure>\n\n\n\n<figure class=\"wp-block-image size-large\"><a href=\"http:\/\/aceps.pl\/wp-content\/uploads\/2022\/03\/ekspertyzy_007_02-scaled.jpg\"><img loading=\"lazy\" width=\"680\" height=\"1024\" data-id=\"1454\"  src=\"http:\/\/aceps.pl\/wp-content\/uploads\/2022\/03\/ekspertyzy_007_02-680x1024.jpg\" alt=\"\" class=\"wp-image-1454\" srcset=\"http:\/\/aceps.pl\/wp-content\/uploads\/2022\/03\/ekspertyzy_007_02-680x1024.jpg 680w, http:\/\/aceps.pl\/wp-content\/uploads\/2022\/03\/ekspertyzy_007_02-199x300.jpg 199w, http:\/\/aceps.pl\/wp-content\/uploads\/2022\/03\/ekspertyzy_007_02-768x1156.jpg 768w, http:\/\/aceps.pl\/wp-content\/uploads\/2022\/03\/ekspertyzy_007_02-1020x1536.jpg 1020w, http:\/\/aceps.pl\/wp-content\/uploads\/2022\/03\/ekspertyzy_007_02-1360x2048.jpg 1360w, http:\/\/aceps.pl\/wp-content\/uploads\/2022\/03\/ekspertyzy_007_02-100x150.jpg 100w, http:\/\/aceps.pl\/wp-content\/uploads\/2022\/03\/ekspertyzy_007_02-scaled.jpg 1700w\" sizes=\"(max-width: 680px) 100vw, 680px\" \/><\/a><\/figure>\n\n\n\n<figure class=\"wp-block-image size-large\"><a href=\"http:\/\/aceps.pl\/wp-content\/uploads\/2022\/03\/ekspertyzy_007_03-scaled.jpg\"><img loading=\"lazy\" width=\"680\" height=\"1024\" data-id=\"1453\"  src=\"http:\/\/aceps.pl\/wp-content\/uploads\/2022\/03\/ekspertyzy_007_03-680x1024.jpg\" alt=\"\" class=\"wp-image-1453\" srcset=\"http:\/\/aceps.pl\/wp-content\/uploads\/2022\/03\/ekspertyzy_007_03-680x1024.jpg 680w, http:\/\/aceps.pl\/wp-content\/uploads\/2022\/03\/ekspertyzy_007_03-199x300.jpg 199w, http:\/\/aceps.pl\/wp-content\/uploads\/2022\/03\/ekspertyzy_007_03-768x1156.jpg 768w, http:\/\/aceps.pl\/wp-content\/uploads\/2022\/03\/ekspertyzy_007_03-1020x1536.jpg 1020w, http:\/\/aceps.pl\/wp-content\/uploads\/2022\/03\/ekspertyzy_007_03-1360x2048.jpg 1360w, http:\/\/aceps.pl\/wp-content\/uploads\/2022\/03\/ekspertyzy_007_03-100x150.jpg 100w, http:\/\/aceps.pl\/wp-content\/uploads\/2022\/03\/ekspertyzy_007_03-scaled.jpg 1700w\" sizes=\"(max-width: 680px) 100vw, 680px\" \/><\/a><\/figure>\n\n\n\n<figure class=\"wp-block-image size-large\"><a href=\"http:\/\/aceps.pl\/wp-content\/uploads\/2022\/03\/ekspertyzy_007_04-scaled.jpg\"><img loading=\"lazy\" width=\"680\" height=\"1024\" data-id=\"1451\"  src=\"http:\/\/aceps.pl\/wp-content\/uploads\/2022\/03\/ekspertyzy_007_04-680x1024.jpg\" alt=\"\" class=\"wp-image-1451\" srcset=\"http:\/\/aceps.pl\/wp-content\/uploads\/2022\/03\/ekspertyzy_007_04-680x1024.jpg 680w, http:\/\/aceps.pl\/wp-content\/uploads\/2022\/03\/ekspertyzy_007_04-199x300.jpg 199w, http:\/\/aceps.pl\/wp-content\/uploads\/2022\/03\/ekspertyzy_007_04-768x1156.jpg 768w, http:\/\/aceps.pl\/wp-content\/uploads\/2022\/03\/ekspertyzy_007_04-1020x1536.jpg 1020w, http:\/\/aceps.pl\/wp-content\/uploads\/2022\/03\/ekspertyzy_007_04-1360x2048.jpg 1360w, http:\/\/aceps.pl\/wp-content\/uploads\/2022\/03\/ekspertyzy_007_04-100x150.jpg 100w, http:\/\/aceps.pl\/wp-content\/uploads\/2022\/03\/ekspertyzy_007_04-scaled.jpg 1700w\" sizes=\"(max-width: 680px) 100vw, 680px\" \/><\/a><\/figure>\n\n\n\n<figure class=\"wp-block-image size-large\"><a href=\"http:\/\/aceps.pl\/wp-content\/uploads\/2022\/03\/ekspertyzy_007_05-scaled.jpg\"><img loading=\"lazy\" width=\"680\" height=\"1024\" data-id=\"1455\"  src=\"http:\/\/aceps.pl\/wp-content\/uploads\/2022\/03\/ekspertyzy_007_05-680x1024.jpg\" alt=\"\" class=\"wp-image-1455\" srcset=\"http:\/\/aceps.pl\/wp-content\/uploads\/2022\/03\/ekspertyzy_007_05-680x1024.jpg 680w, http:\/\/aceps.pl\/wp-content\/uploads\/2022\/03\/ekspertyzy_007_05-199x300.jpg 199w, http:\/\/aceps.pl\/wp-content\/uploads\/2022\/03\/ekspertyzy_007_05-768x1156.jpg 768w, http:\/\/aceps.pl\/wp-content\/uploads\/2022\/03\/ekspertyzy_007_05-1020x1536.jpg 1020w, http:\/\/aceps.pl\/wp-content\/uploads\/2022\/03\/ekspertyzy_007_05-1360x2048.jpg 1360w, http:\/\/aceps.pl\/wp-content\/uploads\/2022\/03\/ekspertyzy_007_05-100x150.jpg 100w, http:\/\/aceps.pl\/wp-content\/uploads\/2022\/03\/ekspertyzy_007_05-scaled.jpg 1700w\" sizes=\"(max-width: 680px) 100vw, 680px\" \/><\/a><\/figure>\n\n\n\n<figure class=\"wp-block-image size-large\"><a href=\"http:\/\/aceps.pl\/wp-content\/uploads\/2022\/03\/ekspertyzy_007_06.jpg\"><img loading=\"lazy\" width=\"392\" height=\"845\" data-id=\"1450\"  src=\"http:\/\/aceps.pl\/wp-content\/uploads\/2022\/03\/ekspertyzy_007_06.jpg\" alt=\"\" class=\"wp-image-1450\" srcset=\"http:\/\/aceps.pl\/wp-content\/uploads\/2022\/03\/ekspertyzy_007_06.jpg 392w, http:\/\/aceps.pl\/wp-content\/uploads\/2022\/03\/ekspertyzy_007_06-139x300.jpg 139w, http:\/\/aceps.pl\/wp-content\/uploads\/2022\/03\/ekspertyzy_007_06-70x150.jpg 70w\" sizes=\"(max-width: 392px) 100vw, 392px\" \/><\/a><\/figure>\n<\/figure>\n","protected":false},"excerpt":{"rendered":"<p>Klient: Miasto Pozna\u0144 \u2013 Pozna\u0144ski O\u015brodek Sportu i RekreacjiLokalizacja: Pozna\u0144, Warmi\u0144ska 1Realizacja: 2020r. Przedmiotem opracowania by\u0142o sprawdzenie wytrzyma\u0142o\u015bci istniej\u0105cych s\u0142up\u00f3w o\u015bwietleniowychStadionu Lekkoatletycznego mieszcz\u0105cego si\u0119 przy ul. Warmi\u0144skiej 1 w Poznaniu z uwagi na zmian\u0119typu opraw o\u015bwietleniowych. \u200b S\u0142upy o\u015bwietleniowe stadionu lekkoatletycznego zosta\u0142y wykonane na sze\u015bciu stanowiskach wok\u00f3\u0142bie\u017cni stadionu. Sprawdzane s\u0142upy zosta\u0142y zaprojektowane jako wi\u0105zka sze\u015bciu&#8230;<\/p>\n","protected":false},"author":1,"featured_media":0,"parent":22,"menu_order":0,"comment_status":"closed","ping_status":"closed","template":"","meta":[],"_links":{"self":[{"href":"http:\/\/aceps.pl\/index.php\/wp-json\/wp\/v2\/pages\/1449"}],"collection":[{"href":"http:\/\/aceps.pl\/index.php\/wp-json\/wp\/v2\/pages"}],"about":[{"href":"http:\/\/aceps.pl\/index.php\/wp-json\/wp\/v2\/types\/page"}],"author":[{"embeddable":true,"href":"http:\/\/aceps.pl\/index.php\/wp-json\/wp\/v2\/users\/1"}],"replies":[{"embeddable":true,"href":"http:\/\/aceps.pl\/index.php\/wp-json\/wp\/v2\/comments?post=1449"}],"version-history":[{"count":2,"href":"http:\/\/aceps.pl\/index.php\/wp-json\/wp\/v2\/pages\/1449\/revisions"}],"predecessor-version":[{"id":1460,"href":"http:\/\/aceps.pl\/index.php\/wp-json\/wp\/v2\/pages\/1449\/revisions\/1460"}],"up":[{"embeddable":true,"href":"http:\/\/aceps.pl\/index.php\/wp-json\/wp\/v2\/pages\/22"}],"wp:attachment":[{"href":"http:\/\/aceps.pl\/index.php\/wp-json\/wp\/v2\/media?parent=1449"}],"curies":[{"name":"wp","href":"https:\/\/api.w.org\/{rel}","templated":true}]}}