{"id":1418,"date":"2022-03-08T10:43:15","date_gmt":"2022-03-08T09:43:15","guid":{"rendered":"http:\/\/aceps.pl\/?page_id=1418"},"modified":"2024-11-12T15:42:23","modified_gmt":"2024-11-12T14:42:23","slug":"budynek-biurowy-z-infrastruktura-techniczna","status":"publish","type":"page","link":"http:\/\/aceps.pl\/index.php\/projekty\/budownictwo-uslugowe\/budynek-biurowy-z-infrastruktura-techniczna\/","title":{"rendered":"Budynek biurowy z infrastruktura techniczn\u0105"},"content":{"rendered":"\n<p><strong>Klient:<\/strong> ROMGOS Gwiazdowscy sp. z o. o., 63-200 Jarocin <br><strong>Lokalizacja:<\/strong> GOLINA, Gmina Jarocin<br><strong>Powierzchnia<\/strong>: ~1860 m<sup>2<\/sup> <br><strong>Realizacja:<\/strong> 2021-2022r. <br><br>Kompleksowy, pe\u0142nobran\u017cowy projekt budowlano \u2013 wykonawczy budynku biurowego. Projektowany budynek zawiera 3 kondygnacje nadziemne oraz gara\u017c podziemny do kt\u00f3rego prowadzi rampa zjazdowa. Uk\u0142ad konstrukcyjny budynku stanowi\u0105 \u017celbetowe s\u0142upy oraz \u015bciany no\u015bne, na kt\u00f3rych opieraj\u0105 si\u0119 stropy \u017celbetowe monolityczne. Budynek w rzucie, na poziomie parteru ma wymiary konstrukcyjne 19,07m x 22,84m, natomiast wysoko\u015b\u0107 obiektu do g\u00f3rnej powierzchni stropodachu wynosi 11,525m. <br><br>Prosta, kubiczna bry\u0142a budynku rozrze\u017abiona zosta\u0142a nadwieszeniami i tarasami. Elewacje wyko\u0144czone ok\u0142adzinami z p\u0142yt betonowych i paneli aluminiowych typu Alucobond. Wysokie przeszklenia przys\u0142oni\u0119te a\u017curowymi \u017caluzjami nadaj\u0105 budynkowi lekko\u015bci.<\/p>\n\n\n\n<p> <\/p>\n\n\n\n<figure class=\"wp-block-gallery has-nested-images columns-4 is-cropped\">\n<figure class=\"wp-block-image size-large\"><a href=\"http:\/\/aceps.pl\/wp-content\/uploads\/2022\/03\/bud_miesz_000-scaled.jpg\"><img loading=\"lazy\" width=\"2560\" height=\"1438\" data-id=\"1413\"  src=\"http:\/\/aceps.pl\/wp-content\/uploads\/2022\/03\/bud_miesz_000-scaled.jpg\" alt=\"\" class=\"wp-image-1413\" srcset=\"http:\/\/aceps.pl\/wp-content\/uploads\/2022\/03\/bud_miesz_000-scaled.jpg 2560w, http:\/\/aceps.pl\/wp-content\/uploads\/2022\/03\/bud_miesz_000-300x169.jpg 300w, http:\/\/aceps.pl\/wp-content\/uploads\/2022\/03\/bud_miesz_000-1024x575.jpg 1024w, http:\/\/aceps.pl\/wp-content\/uploads\/2022\/03\/bud_miesz_000-768x431.jpg 768w, http:\/\/aceps.pl\/wp-content\/uploads\/2022\/03\/bud_miesz_000-1536x863.jpg 1536w, http:\/\/aceps.pl\/wp-content\/uploads\/2022\/03\/bud_miesz_000-2048x1151.jpg 2048w, http:\/\/aceps.pl\/wp-content\/uploads\/2022\/03\/bud_miesz_000-150x84.jpg 150w\" sizes=\"(max-width: 2560px) 100vw, 2560px\" \/><\/a><\/figure>\n\n\n\n<figure class=\"wp-block-image size-large\"><a href=\"http:\/\/aceps.pl\/wp-content\/uploads\/2022\/03\/bud_miesz_001-scaled.jpg\"><img loading=\"lazy\" width=\"2560\" height=\"2560\" data-id=\"1414\"  src=\"http:\/\/aceps.pl\/wp-content\/uploads\/2022\/03\/bud_miesz_001-scaled.jpg\" alt=\"\" class=\"wp-image-1414\" srcset=\"http:\/\/aceps.pl\/wp-content\/uploads\/2022\/03\/bud_miesz_001-scaled.jpg 2560w, http:\/\/aceps.pl\/wp-content\/uploads\/2022\/03\/bud_miesz_001-300x300.jpg 300w, http:\/\/aceps.pl\/wp-content\/uploads\/2022\/03\/bud_miesz_001-1024x1024.jpg 1024w, http:\/\/aceps.pl\/wp-content\/uploads\/2022\/03\/bud_miesz_001-150x150.jpg 150w, http:\/\/aceps.pl\/wp-content\/uploads\/2022\/03\/bud_miesz_001-768x768.jpg 768w, http:\/\/aceps.pl\/wp-content\/uploads\/2022\/03\/bud_miesz_001-1536x1536.jpg 1536w, http:\/\/aceps.pl\/wp-content\/uploads\/2022\/03\/bud_miesz_001-2048x2048.jpg 2048w\" sizes=\"(max-width: 2560px) 100vw, 2560px\" \/><\/a><\/figure>\n\n\n\n<figure class=\"wp-block-image size-large\"><a href=\"http:\/\/aceps.pl\/wp-content\/uploads\/2022\/03\/bud_miesz_002-scaled.jpg\"><img loading=\"lazy\" width=\"2560\" height=\"2560\" data-id=\"1415\"  src=\"http:\/\/aceps.pl\/wp-content\/uploads\/2022\/03\/bud_miesz_002-scaled.jpg\" alt=\"\" class=\"wp-image-1415\" srcset=\"http:\/\/aceps.pl\/wp-content\/uploads\/2022\/03\/bud_miesz_002-scaled.jpg 2560w, http:\/\/aceps.pl\/wp-content\/uploads\/2022\/03\/bud_miesz_002-300x300.jpg 300w, http:\/\/aceps.pl\/wp-content\/uploads\/2022\/03\/bud_miesz_002-1024x1024.jpg 1024w, http:\/\/aceps.pl\/wp-content\/uploads\/2022\/03\/bud_miesz_002-150x150.jpg 150w, http:\/\/aceps.pl\/wp-content\/uploads\/2022\/03\/bud_miesz_002-768x768.jpg 768w, http:\/\/aceps.pl\/wp-content\/uploads\/2022\/03\/bud_miesz_002-1536x1536.jpg 1536w, http:\/\/aceps.pl\/wp-content\/uploads\/2022\/03\/bud_miesz_002-2048x2048.jpg 2048w\" sizes=\"(max-width: 2560px) 100vw, 2560px\" \/><\/a><\/figure>\n\n\n\n<figure class=\"wp-block-image size-large\"><a href=\"http:\/\/aceps.pl\/wp-content\/uploads\/2022\/03\/bud_miesz_003-scaled.jpg\"><img loading=\"lazy\" width=\"2560\" height=\"1440\" data-id=\"1416\"  src=\"http:\/\/aceps.pl\/wp-content\/uploads\/2022\/03\/bud_miesz_003-scaled.jpg\" alt=\"\" class=\"wp-image-1416\" srcset=\"http:\/\/aceps.pl\/wp-content\/uploads\/2022\/03\/bud_miesz_003-scaled.jpg 2560w, http:\/\/aceps.pl\/wp-content\/uploads\/2022\/03\/bud_miesz_003-300x169.jpg 300w, http:\/\/aceps.pl\/wp-content\/uploads\/2022\/03\/bud_miesz_003-1024x576.jpg 1024w, http:\/\/aceps.pl\/wp-content\/uploads\/2022\/03\/bud_miesz_003-768x432.jpg 768w, http:\/\/aceps.pl\/wp-content\/uploads\/2022\/03\/bud_miesz_003-1536x864.jpg 1536w, http:\/\/aceps.pl\/wp-content\/uploads\/2022\/03\/bud_miesz_003-2048x1152.jpg 2048w, http:\/\/aceps.pl\/wp-content\/uploads\/2022\/03\/bud_miesz_003-150x84.jpg 150w\" sizes=\"(max-width: 2560px) 100vw, 2560px\" \/><\/a><\/figure>\n\n\n\n<figure class=\"wp-block-image size-large\"><a href=\"http:\/\/aceps.pl\/wp-content\/uploads\/2022\/03\/bud_miesz_004.jpg\"><img loading=\"lazy\" width=\"2048\" height=\"1536\" data-id=\"1417\"  src=\"http:\/\/aceps.pl\/wp-content\/uploads\/2022\/03\/bud_miesz_004.jpg\" alt=\"\" class=\"wp-image-1417\" srcset=\"http:\/\/aceps.pl\/wp-content\/uploads\/2022\/03\/bud_miesz_004.jpg 2048w, http:\/\/aceps.pl\/wp-content\/uploads\/2022\/03\/bud_miesz_004-300x225.jpg 300w, http:\/\/aceps.pl\/wp-content\/uploads\/2022\/03\/bud_miesz_004-1024x768.jpg 1024w, http:\/\/aceps.pl\/wp-content\/uploads\/2022\/03\/bud_miesz_004-768x576.jpg 768w, http:\/\/aceps.pl\/wp-content\/uploads\/2022\/03\/bud_miesz_004-1536x1152.jpg 1536w, http:\/\/aceps.pl\/wp-content\/uploads\/2022\/03\/bud_miesz_004-150x113.jpg 150w\" sizes=\"(max-width: 2048px) 100vw, 2048px\" \/><\/a><\/figure>\n<\/figure>\n\n\n\n<figure class=\"wp-block-gallery has-nested-images columns-default is-cropped\">\n<figure class=\"wp-block-image size-medium\"><a href=\"http:\/\/aceps.pl\/wp-content\/uploads\/2024\/11\/Romgos-4-fot.-MAGDA-MAJEWSKA-1.jpg\"><img loading=\"lazy\" width=\"219\" height=\"300\" data-id=\"1574\"  src=\"http:\/\/aceps.pl\/wp-content\/uploads\/2024\/11\/Romgos-4-fot.-MAGDA-MAJEWSKA-1-219x300.jpg\" alt=\"\" class=\"wp-image-1574\" srcset=\"http:\/\/aceps.pl\/wp-content\/uploads\/2024\/11\/Romgos-4-fot.-MAGDA-MAJEWSKA-1-219x300.jpg 219w, http:\/\/aceps.pl\/wp-content\/uploads\/2024\/11\/Romgos-4-fot.-MAGDA-MAJEWSKA-1-749x1024.jpg 749w, http:\/\/aceps.pl\/wp-content\/uploads\/2024\/11\/Romgos-4-fot.-MAGDA-MAJEWSKA-1-768x1050.jpg 768w, http:\/\/aceps.pl\/wp-content\/uploads\/2024\/11\/Romgos-4-fot.-MAGDA-MAJEWSKA-1-1124x1536.jpg 1124w, http:\/\/aceps.pl\/wp-content\/uploads\/2024\/11\/Romgos-4-fot.-MAGDA-MAJEWSKA-1-1498x2048.jpg 1498w, http:\/\/aceps.pl\/wp-content\/uploads\/2024\/11\/Romgos-4-fot.-MAGDA-MAJEWSKA-1-110x150.jpg 110w, http:\/\/aceps.pl\/wp-content\/uploads\/2024\/11\/Romgos-4-fot.-MAGDA-MAJEWSKA-1.jpg 1714w\" sizes=\"(max-width: 219px) 100vw, 219px\" \/><\/a><\/figure>\n\n\n\n<figure class=\"wp-block-image size-medium\"><a href=\"http:\/\/aceps.pl\/wp-content\/uploads\/2024\/11\/Romgos-3-fot-MAGDA-MAJEWSKA-1.jpg\"><img loading=\"lazy\" width=\"300\" height=\"225\" data-id=\"1572\"  src=\"http:\/\/aceps.pl\/wp-content\/uploads\/2024\/11\/Romgos-3-fot-MAGDA-MAJEWSKA-1-300x225.jpg\" alt=\"\" class=\"wp-image-1572\" srcset=\"http:\/\/aceps.pl\/wp-content\/uploads\/2024\/11\/Romgos-3-fot-MAGDA-MAJEWSKA-1-300x225.jpg 300w, http:\/\/aceps.pl\/wp-content\/uploads\/2024\/11\/Romgos-3-fot-MAGDA-MAJEWSKA-1-1024x768.jpg 1024w, http:\/\/aceps.pl\/wp-content\/uploads\/2024\/11\/Romgos-3-fot-MAGDA-MAJEWSKA-1-768x576.jpg 768w, http:\/\/aceps.pl\/wp-content\/uploads\/2024\/11\/Romgos-3-fot-MAGDA-MAJEWSKA-1-150x112.jpg 150w, http:\/\/aceps.pl\/wp-content\/uploads\/2024\/11\/Romgos-3-fot-MAGDA-MAJEWSKA-1.jpg 1079w\" sizes=\"(max-width: 300px) 100vw, 300px\" \/><\/a><\/figure>\n\n\n\n<figure class=\"wp-block-image size-medium\"><a href=\"http:\/\/aceps.pl\/wp-content\/uploads\/2024\/11\/Romgos-2-fot-PAWEL-KLEIN-1.jpg\"><img loading=\"lazy\" width=\"300\" height=\"218\" data-id=\"1573\"  src=\"http:\/\/aceps.pl\/wp-content\/uploads\/2024\/11\/Romgos-2-fot-PAWEL-KLEIN-1-300x218.jpg\" alt=\"\" class=\"wp-image-1573\" srcset=\"http:\/\/aceps.pl\/wp-content\/uploads\/2024\/11\/Romgos-2-fot-PAWEL-KLEIN-1-300x218.jpg 300w, http:\/\/aceps.pl\/wp-content\/uploads\/2024\/11\/Romgos-2-fot-PAWEL-KLEIN-1-1024x745.jpg 1024w, http:\/\/aceps.pl\/wp-content\/uploads\/2024\/11\/Romgos-2-fot-PAWEL-KLEIN-1-768x559.jpg 768w, http:\/\/aceps.pl\/wp-content\/uploads\/2024\/11\/Romgos-2-fot-PAWEL-KLEIN-1-1536x1118.jpg 1536w, http:\/\/aceps.pl\/wp-content\/uploads\/2024\/11\/Romgos-2-fot-PAWEL-KLEIN-1-150x109.jpg 150w, http:\/\/aceps.pl\/wp-content\/uploads\/2024\/11\/Romgos-2-fot-PAWEL-KLEIN-1.jpg 1616w\" sizes=\"(max-width: 300px) 100vw, 300px\" \/><\/a><\/figure>\n<\/figure>\n","protected":false},"excerpt":{"rendered":"<p>Klient: ROMGOS Gwiazdowscy sp. z o. o., 63-200 Jarocin Lokalizacja: GOLINA, Gmina JarocinPowierzchnia: ~1860 m2 Realizacja: 2021-2022r. Kompleksowy, pe\u0142nobran\u017cowy projekt budowlano \u2013 wykonawczy budynku biurowego. Projektowany budynek zawiera 3 kondygnacje nadziemne oraz gara\u017c podziemny do kt\u00f3rego prowadzi rampa zjazdowa. Uk\u0142ad konstrukcyjny budynku stanowi\u0105 \u017celbetowe s\u0142upy oraz \u015bciany no\u015bne, na kt\u00f3rych opieraj\u0105 si\u0119 stropy \u017celbetowe monolityczne&#8230;.<\/p>\n","protected":false},"author":1,"featured_media":0,"parent":1410,"menu_order":0,"comment_status":"closed","ping_status":"closed","template":"","meta":[],"_links":{"self":[{"href":"http:\/\/aceps.pl\/index.php\/wp-json\/wp\/v2\/pages\/1418"}],"collection":[{"href":"http:\/\/aceps.pl\/index.php\/wp-json\/wp\/v2\/pages"}],"about":[{"href":"http:\/\/aceps.pl\/index.php\/wp-json\/wp\/v2\/types\/page"}],"author":[{"embeddable":true,"href":"http:\/\/aceps.pl\/index.php\/wp-json\/wp\/v2\/users\/1"}],"replies":[{"embeddable":true,"href":"http:\/\/aceps.pl\/index.php\/wp-json\/wp\/v2\/comments?post=1418"}],"version-history":[{"count":6,"href":"http:\/\/aceps.pl\/index.php\/wp-json\/wp\/v2\/pages\/1418\/revisions"}],"predecessor-version":[{"id":1576,"href":"http:\/\/aceps.pl\/index.php\/wp-json\/wp\/v2\/pages\/1418\/revisions\/1576"}],"up":[{"embeddable":true,"href":"http:\/\/aceps.pl\/index.php\/wp-json\/wp\/v2\/pages\/1410"}],"wp:attachment":[{"href":"http:\/\/aceps.pl\/index.php\/wp-json\/wp\/v2\/media?parent=1418"}],"curies":[{"name":"wp","href":"https:\/\/api.w.org\/{rel}","templated":true}]}}