{"id":1222,"date":"2020-05-04T21:48:55","date_gmt":"2020-05-04T19:48:55","guid":{"rendered":"http:\/\/aceps.pl\/?page_id=1222"},"modified":"2022-03-04T09:01:15","modified_gmt":"2022-03-04T08:01:15","slug":"koncepcja-budynku-mieszkalnego-wielorodzinnego-z-czescia-uslugowa-w-lodzi","status":"publish","type":"page","link":"http:\/\/aceps.pl\/index.php\/projekty\/budownictwo-mieszkaniowe\/koncepcja-budynku-mieszkalnego-wielorodzinnego-z-czescia-uslugowa-w-lodzi\/","title":{"rendered":"Koncepcja budynku mieszkalnego wielorodzinnego z cz\u0119\u015bci\u0105 us\u0142ugow\u0105 w \u0141odzi"},"content":{"rendered":"\n<p>Koncepcja wykonania projektu budowlano \u2013 wykonawczego budynku mieszkalnego wielorodzinnego w \u0141odzi dla MVT S.A. W zamierzeniu jest wykonanie budynku wielkorodzinnego, w kt\u00f3rym w cz\u0119\u015bci parteru zostan\u0105 zlokalizowane lokale us\u0142ugowe.<br><\/p>\n\n\n\n<p><strong>Zleceniodawca:<\/strong> MVT S.A., ul. Zenitowa 9, 93-482 \u0141\u00f3d\u017a<br><strong>Adres inwestycji:<\/strong> \u0141od\u017a, ul. Lipowa <br><strong>Powierzchnia u\u017cytkowa budynku:<\/strong> 2194 m2<br><strong>Rok opracowania:<\/strong> 2019r. <br><br><\/p>\n\n\n\n<figure class=\"wp-block-gallery has-nested-images columns-default is-cropped\">\n<figure class=\"wp-block-image size-large\"><a href=\"http:\/\/aceps.pl\/wp-content\/uploads\/2020\/05\/budmiesz005_000.jpg\"><img loading=\"lazy\" width=\"3475\" height=\"2246\" data-id=\"1208\"  src=\"http:\/\/aceps.pl\/wp-content\/uploads\/2020\/05\/budmiesz005_000.jpg\" alt=\"\" class=\"wp-image-1208\" srcset=\"http:\/\/aceps.pl\/wp-content\/uploads\/2020\/05\/budmiesz005_000.jpg 3475w, http:\/\/aceps.pl\/wp-content\/uploads\/2020\/05\/budmiesz005_000-300x194.jpg 300w, http:\/\/aceps.pl\/wp-content\/uploads\/2020\/05\/budmiesz005_000-768x496.jpg 768w, http:\/\/aceps.pl\/wp-content\/uploads\/2020\/05\/budmiesz005_000-1024x662.jpg 1024w, http:\/\/aceps.pl\/wp-content\/uploads\/2020\/05\/budmiesz005_000-150x97.jpg 150w\" sizes=\"(max-width: 3475px) 100vw, 3475px\" \/><\/a><\/figure>\n\n\n\n<figure class=\"wp-block-image size-large\"><a href=\"http:\/\/aceps.pl\/wp-content\/uploads\/2020\/05\/budmiesz005_001.jpg\"><img loading=\"lazy\" width=\"3458\" height=\"2243\" data-id=\"1209\"  src=\"http:\/\/aceps.pl\/wp-content\/uploads\/2020\/05\/budmiesz005_001.jpg\" alt=\"\" class=\"wp-image-1209\" srcset=\"http:\/\/aceps.pl\/wp-content\/uploads\/2020\/05\/budmiesz005_001.jpg 3458w, http:\/\/aceps.pl\/wp-content\/uploads\/2020\/05\/budmiesz005_001-300x195.jpg 300w, http:\/\/aceps.pl\/wp-content\/uploads\/2020\/05\/budmiesz005_001-768x498.jpg 768w, http:\/\/aceps.pl\/wp-content\/uploads\/2020\/05\/budmiesz005_001-1024x664.jpg 1024w, http:\/\/aceps.pl\/wp-content\/uploads\/2020\/05\/budmiesz005_001-150x97.jpg 150w\" sizes=\"(max-width: 3458px) 100vw, 3458px\" \/><\/a><\/figure>\n\n\n\n<figure class=\"wp-block-image size-large\"><a href=\"http:\/\/aceps.pl\/wp-content\/uploads\/2020\/05\/budmiesz005_002.jpg\"><img loading=\"lazy\" width=\"4913\" height=\"3156\" data-id=\"1210\"  src=\"http:\/\/aceps.pl\/wp-content\/uploads\/2020\/05\/budmiesz005_002.jpg\" alt=\"\" class=\"wp-image-1210\" srcset=\"http:\/\/aceps.pl\/wp-content\/uploads\/2020\/05\/budmiesz005_002.jpg 4913w, http:\/\/aceps.pl\/wp-content\/uploads\/2020\/05\/budmiesz005_002-300x193.jpg 300w, http:\/\/aceps.pl\/wp-content\/uploads\/2020\/05\/budmiesz005_002-768x493.jpg 768w, http:\/\/aceps.pl\/wp-content\/uploads\/2020\/05\/budmiesz005_002-1024x658.jpg 1024w, http:\/\/aceps.pl\/wp-content\/uploads\/2020\/05\/budmiesz005_002-150x96.jpg 150w\" sizes=\"(max-width: 4913px) 100vw, 4913px\" \/><\/a><\/figure>\n\n\n\n<figure class=\"wp-block-image size-large\"><a href=\"http:\/\/aceps.pl\/wp-content\/uploads\/2020\/05\/budmiesz005_003.jpg\"><img loading=\"lazy\" width=\"4904\" height=\"2983\" data-id=\"1211\"  src=\"http:\/\/aceps.pl\/wp-content\/uploads\/2020\/05\/budmiesz005_003.jpg\" alt=\"\" class=\"wp-image-1211\" srcset=\"http:\/\/aceps.pl\/wp-content\/uploads\/2020\/05\/budmiesz005_003.jpg 4904w, http:\/\/aceps.pl\/wp-content\/uploads\/2020\/05\/budmiesz005_003-300x182.jpg 300w, http:\/\/aceps.pl\/wp-content\/uploads\/2020\/05\/budmiesz005_003-768x467.jpg 768w, http:\/\/aceps.pl\/wp-content\/uploads\/2020\/05\/budmiesz005_003-1024x623.jpg 1024w, http:\/\/aceps.pl\/wp-content\/uploads\/2020\/05\/budmiesz005_003-150x91.jpg 150w\" sizes=\"(max-width: 4904px) 100vw, 4904px\" \/><\/a><\/figure>\n<\/figure>\n","protected":false},"excerpt":{"rendered":"<p>Koncepcja wykonania projektu budowlano \u2013 wykonawczego budynku mieszkalnego wielorodzinnego w \u0141odzi dla MVT S.A. W zamierzeniu jest wykonanie budynku wielkorodzinnego, w kt\u00f3rym w cz\u0119\u015bci parteru zostan\u0105 zlokalizowane lokale us\u0142ugowe. Zleceniodawca: MVT S.A., ul. Zenitowa 9, 93-482 \u0141\u00f3d\u017aAdres inwestycji: \u0141od\u017a, ul. Lipowa Powierzchnia u\u017cytkowa budynku: 2194 m2Rok opracowania: 2019r.<\/p>\n","protected":false},"author":1,"featured_media":0,"parent":371,"menu_order":0,"comment_status":"closed","ping_status":"closed","template":"","meta":[],"_links":{"self":[{"href":"http:\/\/aceps.pl\/index.php\/wp-json\/wp\/v2\/pages\/1222"}],"collection":[{"href":"http:\/\/aceps.pl\/index.php\/wp-json\/wp\/v2\/pages"}],"about":[{"href":"http:\/\/aceps.pl\/index.php\/wp-json\/wp\/v2\/types\/page"}],"author":[{"embeddable":true,"href":"http:\/\/aceps.pl\/index.php\/wp-json\/wp\/v2\/users\/1"}],"replies":[{"embeddable":true,"href":"http:\/\/aceps.pl\/index.php\/wp-json\/wp\/v2\/comments?post=1222"}],"version-history":[{"count":2,"href":"http:\/\/aceps.pl\/index.php\/wp-json\/wp\/v2\/pages\/1222\/revisions"}],"predecessor-version":[{"id":1365,"href":"http:\/\/aceps.pl\/index.php\/wp-json\/wp\/v2\/pages\/1222\/revisions\/1365"}],"up":[{"embeddable":true,"href":"http:\/\/aceps.pl\/index.php\/wp-json\/wp\/v2\/pages\/371"}],"wp:attachment":[{"href":"http:\/\/aceps.pl\/index.php\/wp-json\/wp\/v2\/media?parent=1222"}],"curies":[{"name":"wp","href":"https:\/\/api.w.org\/{rel}","templated":true}]}}