{"id":1214,"date":"2020-05-04T21:31:55","date_gmt":"2020-05-04T19:31:55","guid":{"rendered":"http:\/\/aceps.pl\/?page_id=1214"},"modified":"2022-03-03T21:41:42","modified_gmt":"2022-03-03T20:41:42","slug":"budynek-mieszkalny-wielorodzinny-z-komorkami-lokatorskimi-w-kleszczewie","status":"publish","type":"page","link":"http:\/\/aceps.pl\/index.php\/projekty\/budownictwo-mieszkaniowe\/budynek-mieszkalny-wielorodzinny-z-komorkami-lokatorskimi-w-kleszczewie\/","title":{"rendered":"Budynek mieszkalny wielorodzinny z kom\u00f3rkami lokatorskimi w Kleszczewie"},"content":{"rendered":"\n<p>\nKompleksowy,\npe\u0142nobran\u017cowy\nprojekt budowlano&nbsp;\u2013&nbsp;wykonawczy\nbudynku\nmieszkalnego\nwielorodzinnego w\nKleszczewie\ndla PPUiH AGROBEX Sp.\nz\no.o.\nZamierzenie inwestycyjne sk\u0142adaj\u0105ce\nsi\u0119 z zespo\u0142u\nbudynk\u00f3w mieszkalnych wielorodzinnych i mieszkalno&nbsp;\u2013&nbsp;us\u0142ugowych&nbsp;<br>z\nlokalami u\u017cytkowymi, kom\u00f3rkami lokatorskimi, wewn\u0119trznymi\ninstalacjami gazowymi&nbsp;<br>i kot\u0142owniami, drogami wewn\u0119trznymi,\nmiejscami postojowymi i infrastruktur\u0105 techniczn\u0105 stanowi I etap\ninwestycji.<\/p>\n\n\n\n<p> Budynek zaprojektowano w technologii tradycyjnej, \u015bciany murowane z bloczk\u00f3w silikatowych wzmocnione \u017celbetowymi trzpieniami. W projekcie zastosowano stropy typu filigran, natomiast drewnian\u0105 wi\u0119\u017ab\u0119 dachow\u0105 zaprojektowano w postaci kratownic z drewna klejonego.<br><br><\/p>\n\n\n\n<p><strong>Inwestor:<\/strong> PPUiH AGROBEX Sp. z o.o., ul. Kochanowskiego 7, 60-845 Pozna\u0144<br><strong>Adres inwestycji:<\/strong> Kleszczewo, ul. Stra\u017cacka<br><strong>Powierzchnia u\u017cytkowa budynku:<\/strong> 4245,76 m2<br><strong>Rok opracowania:<\/strong> 2019r. <br> <br><\/p>\n\n\n\n<figure class=\"wp-block-gallery has-nested-images columns-default is-cropped\">\n<figure class=\"wp-block-image size-large\"><a href=\"https:\/\/aceps.pl\/wp-content\/uploads\/2020\/05\/budmiesz003_000.jpg\"><img loading=\"lazy\" width=\"2000\" height=\"1125\" data-id=\"1203\"  src=\"http:\/\/aceps.pl\/wp-content\/uploads\/2020\/05\/budmiesz003_000.jpg\" alt=\"\" class=\"wp-image-1203\" srcset=\"http:\/\/aceps.pl\/wp-content\/uploads\/2020\/05\/budmiesz003_000.jpg 2000w, http:\/\/aceps.pl\/wp-content\/uploads\/2020\/05\/budmiesz003_000-300x169.jpg 300w, http:\/\/aceps.pl\/wp-content\/uploads\/2020\/05\/budmiesz003_000-768x432.jpg 768w, http:\/\/aceps.pl\/wp-content\/uploads\/2020\/05\/budmiesz003_000-1024x576.jpg 1024w, http:\/\/aceps.pl\/wp-content\/uploads\/2020\/05\/budmiesz003_000-150x84.jpg 150w\" sizes=\"(max-width: 2000px) 100vw, 2000px\" \/><\/a><\/figure>\n\n\n\n<figure class=\"wp-block-image size-large\"><a href=\"https:\/\/aceps.pl\/wp-content\/uploads\/2020\/05\/budmiesz003_001.jpg\"><img loading=\"lazy\" width=\"2000\" height=\"1125\" data-id=\"1204\"  src=\"http:\/\/aceps.pl\/wp-content\/uploads\/2020\/05\/budmiesz003_001.jpg\" alt=\"\" class=\"wp-image-1204\" srcset=\"http:\/\/aceps.pl\/wp-content\/uploads\/2020\/05\/budmiesz003_001.jpg 2000w, http:\/\/aceps.pl\/wp-content\/uploads\/2020\/05\/budmiesz003_001-300x169.jpg 300w, http:\/\/aceps.pl\/wp-content\/uploads\/2020\/05\/budmiesz003_001-768x432.jpg 768w, http:\/\/aceps.pl\/wp-content\/uploads\/2020\/05\/budmiesz003_001-1024x576.jpg 1024w, http:\/\/aceps.pl\/wp-content\/uploads\/2020\/05\/budmiesz003_001-150x84.jpg 150w\" sizes=\"(max-width: 2000px) 100vw, 2000px\" \/><\/a><\/figure>\n\n\n\n<figure class=\"wp-block-image size-large\"><a href=\"https:\/\/aceps.pl\/wp-content\/uploads\/2020\/05\/budmiesz003_002.jpg\"><img loading=\"lazy\" width=\"2000\" height=\"1125\" data-id=\"1205\"  src=\"http:\/\/aceps.pl\/wp-content\/uploads\/2020\/05\/budmiesz003_002.jpg\" alt=\"\" class=\"wp-image-1205\" srcset=\"http:\/\/aceps.pl\/wp-content\/uploads\/2020\/05\/budmiesz003_002.jpg 2000w, http:\/\/aceps.pl\/wp-content\/uploads\/2020\/05\/budmiesz003_002-300x169.jpg 300w, http:\/\/aceps.pl\/wp-content\/uploads\/2020\/05\/budmiesz003_002-768x432.jpg 768w, http:\/\/aceps.pl\/wp-content\/uploads\/2020\/05\/budmiesz003_002-1024x576.jpg 1024w, http:\/\/aceps.pl\/wp-content\/uploads\/2020\/05\/budmiesz003_002-150x84.jpg 150w\" sizes=\"(max-width: 2000px) 100vw, 2000px\" \/><\/a><\/figure>\n<\/figure>\n","protected":false},"excerpt":{"rendered":"<p>Kompleksowy, pe\u0142nobran\u017cowy projekt budowlano&nbsp;\u2013&nbsp;wykonawczy budynku mieszkalnego wielorodzinnego w Kleszczewie dla PPUiH AGROBEX Sp. z o.o. Zamierzenie inwestycyjne sk\u0142adaj\u0105ce si\u0119 z zespo\u0142u budynk\u00f3w mieszkalnych wielorodzinnych i mieszkalno&nbsp;\u2013&nbsp;us\u0142ugowych&nbsp;z lokalami u\u017cytkowymi, kom\u00f3rkami lokatorskimi, wewn\u0119trznymi instalacjami gazowymi&nbsp;i kot\u0142owniami, drogami wewn\u0119trznymi, miejscami postojowymi i infrastruktur\u0105 techniczn\u0105 stanowi I etap inwestycji. Budynek zaprojektowano w technologii tradycyjnej, \u015bciany murowane z bloczk\u00f3w silikatowych&#8230;<\/p>\n","protected":false},"author":1,"featured_media":0,"parent":371,"menu_order":0,"comment_status":"closed","ping_status":"closed","template":"","meta":[],"_links":{"self":[{"href":"http:\/\/aceps.pl\/index.php\/wp-json\/wp\/v2\/pages\/1214"}],"collection":[{"href":"http:\/\/aceps.pl\/index.php\/wp-json\/wp\/v2\/pages"}],"about":[{"href":"http:\/\/aceps.pl\/index.php\/wp-json\/wp\/v2\/types\/page"}],"author":[{"embeddable":true,"href":"http:\/\/aceps.pl\/index.php\/wp-json\/wp\/v2\/users\/1"}],"replies":[{"embeddable":true,"href":"http:\/\/aceps.pl\/index.php\/wp-json\/wp\/v2\/comments?post=1214"}],"version-history":[{"count":6,"href":"http:\/\/aceps.pl\/index.php\/wp-json\/wp\/v2\/pages\/1214\/revisions"}],"predecessor-version":[{"id":1352,"href":"http:\/\/aceps.pl\/index.php\/wp-json\/wp\/v2\/pages\/1214\/revisions\/1352"}],"up":[{"embeddable":true,"href":"http:\/\/aceps.pl\/index.php\/wp-json\/wp\/v2\/pages\/371"}],"wp:attachment":[{"href":"http:\/\/aceps.pl\/index.php\/wp-json\/wp\/v2\/media?parent=1214"}],"curies":[{"name":"wp","href":"https:\/\/api.w.org\/{rel}","templated":true}]}}